{"id":26,"date":"2022-08-23T08:20:14","date_gmt":"2022-08-23T08:20:14","guid":{"rendered":"http:\/\/wp.msfinance.rs\/?page_id=26"},"modified":"2022-10-04T06:17:47","modified_gmt":"2022-10-04T06:17:47","slug":"knjigovodstvene-usluge","status":"publish","type":"page","link":"https:\/\/msfinance.rs\/en\/usluge\/knjigovodstvene-usluge\/","title":{"rendered":"Acounting services"},"content":{"rendered":"<h1>Acounting services<\/h1>\n<div>\n<p>Knjigovodstvene usluge pru\u017eamo mikro, malim i srednjim preduze\u0107ima.<\/p>\n<\/div>\n<div>\n<h3 class=\"sppb-addon-title\">Na\u0161e usluge knjigovodstva i finansijskog ra\u010dunovodstva prilago\u0111avamo potrebama klijenata.<\/h3>\n<div class=\"sppb-addon-content\">\n<ul>\n<li>Vo\u0111enje poslovnih knjiga u skladu sa MRS, odnosno MSFI i nacionalnim okvirom finansijskog izve\u0161tavanja<\/li>\n<li>Financial bookkeeping<\/li>\n<li>Material accounting (wholesale, retail, production);<\/li>\n<li>Obra\u010dun amortizacije i vo\u0111enje registra osnovnih sredtavava<\/li>\n<li>Obra\u010dun zarada, poreza i doprinosa na zarade zaposlenih, obra\u010dun naknada zarada, tro\u0161kova i drugih primanja; izrada mese\u010dnih i godi\u0161njih obra\u010dunskih listi\u0107a i odgovaraju\u0107ih poreskih prijava;<\/li>\n<li>Sastavljanje poreskih obra\u010duna i izve\u0161taja u skladu sa va\u017ee\u0107im zakonima;<\/li>\n<\/ul>\n<\/div>\n<\/div>\n<p><img decoding=\"async\" src=\"\/wp-content\/uploads\/2022\/08\/office1-800.jpg\" alt=\"\"><br \/>\n<img decoding=\"async\" src=\"\/wp-content\/uploads\/2022\/08\/05-croped.jpg\" alt=\"\"><\/p>\n<div>\n<h3 class=\"sppb-addon-title\">Sastavljanje finansijskih izve\u0161taja u skladu sa MRS, odnosno MSFI i nacionalnim okvirom finansijskog izve\u0161tavanja<\/h3>\n<div class=\"sppb-addon-content\">\n<ul>\n<li>Balance Sheet;<\/li>\n<li>Profit and loss;<\/li>\n<li>Statisti\u010dki aneks;<\/li>\n<li>Izve\u0161taj o tokovima gotovine;<\/li>\n<li>Izve\u0161taj o promenama na kapitalu;<\/li>\n<li>Napomene uz finansijske izve\u0161taje;<\/li>\n<li>Izrada i kontrola mese\u010dnih, kvartalnih i godi\u0161njih bilansa;<\/li>\n<\/ul>\n<\/div>\n<\/div>\n<p><!--more--><br \/>\n<!-- {\"type\":\"layout\",\"children\":[{\"type\":\"section\",\"props\":{\"style\":\"primary\",\"width\":\"default\",\"vertical_align\":\"middle\",\"title_position\":\"top-left\",\"title_rotation\":\"left\",\"title_breakpoint\":\"xl\",\"image_position\":\"center-center\",\"image\":\"wp-content\\\/uploads\\\/2022\\\/09\\\/bigstock-Modern-business-buildings-45559522.jpg\",\"image_size\":\"cover\",\"padding\":\"large\"},\"children\":[{\"type\":\"row\",\"children\":[{\"type\":\"column\",\"props\":{\"position_sticky_breakpoint\":\"m\",\"image_position\":\"center-center\",\"media_overlay_gradient\":\"\"},\"children\":[{\"type\":\"headline\",\"props\":{\"title_element\":\"h1\",\"content\":\"Knjigovodstvene usluge\",\"text_align\":\"center\",\"title_style\":\"heading-medium\"}}]}]}]},{\"type\":\"section\",\"props\":{\"style\":\"default\",\"width\":\"default\",\"vertical_align\":\"middle\",\"title_position\":\"top-left\",\"title_rotation\":\"left\",\"title_breakpoint\":\"xl\",\"image_position\":\"center-center\",\"padding\":\"small\"},\"children\":[{\"type\":\"row\",\"children\":[{\"type\":\"column\",\"props\":{\"position_sticky_breakpoint\":\"m\",\"image_position\":\"center-center\",\"media_overlay_gradient\":\"\"},\"children\":[{\"type\":\"text\",\"props\":{\"margin\":\"default\",\"column_breakpoint\":\"m\",\"content\":\"\n\n<p>Knjigovodstvene usluge pru\\u017eamo mikro, malim i srednjim preduze\\u0107ima.<\\\/p>\",\"text_align\":\"center\",\"text_style\":\"lead\"}}]}]}]},{\"type\":\"section\",\"props\":{\"style\":\"muted\",\"width\":\"default\",\"vertical_align\":\"middle\",\"title_position\":\"top-left\",\"title_rotation\":\"left\",\"title_breakpoint\":\"xl\",\"image_position\":\"center-center\"},\"children\":[{\"type\":\"row\",\"props\":{\"layout\":\"1-2,1-2\"},\"children\":[{\"type\":\"column\",\"props\":{\"position_sticky_breakpoint\":\"m\",\"image_position\":\"center-center\",\"media_overlay_gradient\":\"\",\"width_medium\":\"1-2\",\"vertical_align\":\"middle\"},\"children\":[{\"type\":\"text\",\"props\":{\"margin\":\"default\",\"column_breakpoint\":\"m\",\"content\":\"\n\n<h3 class=\\\"sppb-addon-title\\\">Na\\u0161e usluge knjigovodstva i finansijskog ra\\u010dunovodstva prilago\\u0111avamo potrebama klijenata.<\\\/h3>\\n\n\n<div class=\\\"sppb-addon-content\\\">\\n\n\n<ul>\\n\n\n<li>Vo\\u0111enje poslovnih knjiga u skladu sa MRS, odnosno MSFI i nacionalnim okvirom finansijskog izve\\u0161tavanja<\\\/li>\\n\n\n<li>Finansijsko knjigovodstvo<\\\/li>\\n\n\n<li>Robno materijalno knjigovodstvo (veleprodaja, maloprodaja, proizvodnja);<\\\/li>\\n\n\n<li>Obra\\u010dun amortizacije i vo\\u0111enje registra osnovnih sredtavava<\\\/li>\\n\n\n<li>Obra\\u010dun zarada, poreza i doprinosa na zarade zaposlenih, obra\\u010dun naknada zarada, tro\\u0161kova i drugih primanja; izrada mese\\u010dnih i godi\\u0161njih obra\\u010dunskih listi\\u0107a i odgovaraju\\u0107ih poreskih prijava;<\\\/li>\\n\n\n<li>Sastavljanje poreskih obra\\u010duna i izve\\u0161taja u skladu sa va\\u017ee\\u0107im zakonima;<\\\/li>\\n<\\\/ul>\\n<\\\/div>\"}}]},{\"type\":\"column\",\"props\":{\"position_sticky_breakpoint\":\"m\",\"image_position\":\"center-center\",\"media_overlay_gradient\":\"\",\"width_medium\":\"1-2\"},\"children\":[{\"type\":\"image\",\"props\":{\"margin\":\"default\",\"image_svg_color\":\"emphasis\",\"image\":\"wp-content\\\/uploads\\\/2022\\\/08\\\/office1-800.jpg\"}}]}]}]},{\"type\":\"section\",\"props\":{\"style\":\"default\",\"width\":\"default\",\"vertical_align\":\"middle\",\"title_position\":\"top-left\",\"title_rotation\":\"left\",\"title_breakpoint\":\"xl\",\"image_position\":\"center-center\"},\"children\":[{\"type\":\"row\",\"props\":{\"layout\":\"1-2,1-2\"},\"children\":[{\"type\":\"column\",\"props\":{\"position_sticky_breakpoint\":\"m\",\"image_position\":\"center-center\",\"media_overlay_gradient\":\"\",\"width_medium\":\"1-2\"},\"children\":[{\"type\":\"image\",\"props\":{\"margin\":\"default\",\"image_svg_color\":\"emphasis\",\"image\":\"wp-content\\\/uploads\\\/2022\\\/08\\\/05-croped.jpg\"}}]},{\"type\":\"column\",\"props\":{\"position_sticky_breakpoint\":\"m\",\"image_position\":\"center-center\",\"media_overlay_gradient\":\"\",\"width_medium\":\"1-2\",\"vertical_align\":\"middle\"},\"children\":[{\"type\":\"text\",\"props\":{\"margin\":\"default\",\"column_breakpoint\":\"m\",\"content\":\"\n\n<h3 class=\\\"sppb-addon-title\\\">Sastavljanje finansijskih izve\\u0161taja u skladu sa MRS, odnosno MSFI i nacionalnim okvirom finansijskog izve\\u0161tavanja<\\\/h3>\\n\n\n<div class=\\\"sppb-addon-content\\\">\\n\n\n<ul>\\n\n\n<li>Bilans stanja;<\\\/li>\\n\n\n<li>Bilans uspeha;<\\\/li>\\n\n\n<li>Statisti\\u010dki aneks;<\\\/li>\\n\n\n<li>Izve\\u0161taj o tokovima gotovine;<\\\/li>\\n\n\n<li>Izve\\u0161taj o promenama na kapitalu;<\\\/li>\\n\n\n<li>Napomene uz finansijske izve\\u0161taje;<\\\/li>\\n\n\n<li>Izrada i kontrola mese\\u010dnih, kvartalnih i godi\\u0161njih bilansa;<\\\/li>\\n<\\\/ul>\\n<\\\/div>\"}}]}]}]}],\"version\":\"3.0.1\"} --><\/p>","protected":false},"excerpt":{"rendered":"<p>Knjigovodstvene usluge Knjigovodstvene usluge pru\u017eamo mikro, malim i srednjim preduze\u0107ima. Na\u0161e usluge knjigovodstva i finansijskog ra\u010dunovodstva prilago\u0111avamo potrebama klijenata. Vo\u0111enje poslovnih knjiga u skladu sa MRS, odnosno MSFI i nacionalnim okvirom finansijskog izve\u0161tavanja Finansijsko knjigovodstvo Robno materijalno knjigovodstvo (veleprodaja, maloprodaja, proizvodnja); Obra\u010dun amortizacije i vo\u0111enje registra osnovnih sredtavava Obra\u010dun zarada, poreza i doprinosa na zarade [&hellip;]<\/p>","protected":false},"author":1,"featured_media":0,"parent":34,"menu_order":0,"comment_status":"closed","ping_status":"closed","template":"","meta":{"footnotes":""},"class_list":["post-26","page","type-page","status-publish","hentry"],"yoast_head":"<!-- This site is optimized with the Yoast SEO Premium plugin v26.5 (Yoast SEO v26.6) - https:\/\/yoast.com\/wordpress\/plugins\/seo\/ -->\n<title>Knjigovodstvene usluge - MS Finance<\/title>\n<meta name=\"robots\" content=\"index, follow, max-snippet:-1, max-image-preview:large, max-video-preview:-1\" \/>\n<link rel=\"canonical\" href=\"https:\/\/msfinance.rs\/en\/usluge\/knjigovodstvene-usluge\/\" \/>\n<meta property=\"og:locale\" content=\"en_US\" \/>\n<meta property=\"og:type\" content=\"article\" \/>\n<meta property=\"og:title\" content=\"Knjigovodstvene usluge\" \/>\n<meta property=\"og:description\" content=\"Knjigovodstvene usluge Knjigovodstvene usluge pru\u017eamo mikro, malim i srednjim preduze\u0107ima. Na\u0161e usluge knjigovodstva i finansijskog ra\u010dunovodstva prilago\u0111avamo potrebama klijenata. Vo\u0111enje poslovnih knjiga u skladu sa MRS, odnosno MSFI i nacionalnim okvirom finansijskog izve\u0161tavanja Finansijsko knjigovodstvo Robno materijalno knjigovodstvo (veleprodaja, maloprodaja, proizvodnja); Obra\u010dun amortizacije i vo\u0111enje registra osnovnih sredtavava Obra\u010dun zarada, poreza i doprinosa na zarade [&hellip;]\" \/>\n<meta property=\"og:url\" content=\"https:\/\/msfinance.rs\/en\/usluge\/knjigovodstvene-usluge\/\" \/>\n<meta property=\"og:site_name\" content=\"MS Finance\" \/>\n<meta property=\"article:modified_time\" content=\"2022-10-04T06:17:47+00:00\" \/>\n<meta name=\"twitter:card\" content=\"summary_large_image\" \/>\n<meta name=\"twitter:label1\" content=\"Est. reading time\" \/>\n\t<meta name=\"twitter:data1\" content=\"1 minute\" \/>\n<script type=\"application\/ld+json\" class=\"yoast-schema-graph\">{\"@context\":\"https:\/\/schema.org\",\"@graph\":[{\"@type\":\"WebPage\",\"@id\":\"https:\/\/msfinance.rs\/usluge\/knjigovodstvene-usluge\/\",\"url\":\"https:\/\/msfinance.rs\/usluge\/knjigovodstvene-usluge\/\",\"name\":\"Knjigovodstvene usluge - MS Finance\",\"isPartOf\":{\"@id\":\"https:\/\/msfinance.rs\/#website\"},\"datePublished\":\"2022-08-23T08:20:14+00:00\",\"dateModified\":\"2022-10-04T06:17:47+00:00\",\"breadcrumb\":{\"@id\":\"https:\/\/msfinance.rs\/usluge\/knjigovodstvene-usluge\/#breadcrumb\"},\"inLanguage\":\"en-US\",\"potentialAction\":[{\"@type\":\"ReadAction\",\"target\":[\"https:\/\/msfinance.rs\/usluge\/knjigovodstvene-usluge\/\"]}]},{\"@type\":\"BreadcrumbList\",\"@id\":\"https:\/\/msfinance.rs\/usluge\/knjigovodstvene-usluge\/#breadcrumb\",\"itemListElement\":[{\"@type\":\"ListItem\",\"position\":1,\"name\":\"Home\",\"item\":\"https:\/\/msfinance.rs\/\"},{\"@type\":\"ListItem\",\"position\":2,\"name\":\"Usluge\",\"item\":\"https:\/\/msfinance.rs\/usluge\/\"},{\"@type\":\"ListItem\",\"position\":3,\"name\":\"Knjigovodstvene usluge\"}]},{\"@type\":\"WebSite\",\"@id\":\"https:\/\/msfinance.rs\/#website\",\"url\":\"https:\/\/msfinance.rs\/\",\"name\":\"MS Finance\",\"description\":\"MS Finance\",\"publisher\":{\"@id\":\"https:\/\/msfinance.rs\/#organization\"},\"potentialAction\":[{\"@type\":\"SearchAction\",\"target\":{\"@type\":\"EntryPoint\",\"urlTemplate\":\"https:\/\/msfinance.rs\/?s={search_term_string}\"},\"query-input\":{\"@type\":\"PropertyValueSpecification\",\"valueRequired\":true,\"valueName\":\"search_term_string\"}}],\"inLanguage\":\"en-US\"},{\"@type\":\"Organization\",\"@id\":\"https:\/\/msfinance.rs\/#organization\",\"name\":\"MS Finance\",\"url\":\"https:\/\/msfinance.rs\/\",\"logo\":{\"@type\":\"ImageObject\",\"inLanguage\":\"en-US\",\"@id\":\"https:\/\/msfinance.rs\/#\/schema\/logo\/image\/\",\"url\":\"https:\/\/msfinance.rs\/wp-content\/uploads\/2022\/08\/MS_png1.png\",\"contentUrl\":\"https:\/\/msfinance.rs\/wp-content\/uploads\/2022\/08\/MS_png1.png\",\"width\":1000,\"height\":363,\"caption\":\"MS Finance\"},\"image\":{\"@id\":\"https:\/\/msfinance.rs\/#\/schema\/logo\/image\/\"}}]}<\/script>\n<!-- \/ Yoast SEO Premium plugin. -->","yoast_head_json":{"title":"Knjigovodstvene usluge - MS Finance","robots":{"index":"index","follow":"follow","max-snippet":"max-snippet:-1","max-image-preview":"max-image-preview:large","max-video-preview":"max-video-preview:-1"},"canonical":"https:\/\/msfinance.rs\/en\/usluge\/knjigovodstvene-usluge\/","og_locale":"en_US","og_type":"article","og_title":"Knjigovodstvene usluge","og_description":"Knjigovodstvene usluge Knjigovodstvene usluge pru\u017eamo mikro, malim i srednjim preduze\u0107ima. Na\u0161e usluge knjigovodstva i finansijskog ra\u010dunovodstva prilago\u0111avamo potrebama klijenata. Vo\u0111enje poslovnih knjiga u skladu sa MRS, odnosno MSFI i nacionalnim okvirom finansijskog izve\u0161tavanja Finansijsko knjigovodstvo Robno materijalno knjigovodstvo (veleprodaja, maloprodaja, proizvodnja); Obra\u010dun amortizacije i vo\u0111enje registra osnovnih sredtavava Obra\u010dun zarada, poreza i doprinosa na zarade [&hellip;]","og_url":"https:\/\/msfinance.rs\/en\/usluge\/knjigovodstvene-usluge\/","og_site_name":"MS Finance","article_modified_time":"2022-10-04T06:17:47+00:00","twitter_card":"summary_large_image","twitter_misc":{"Est. reading time":"1 minute"},"schema":{"@context":"https:\/\/schema.org","@graph":[{"@type":"WebPage","@id":"https:\/\/msfinance.rs\/usluge\/knjigovodstvene-usluge\/","url":"https:\/\/msfinance.rs\/usluge\/knjigovodstvene-usluge\/","name":"Knjigovodstvene usluge - MS Finance","isPartOf":{"@id":"https:\/\/msfinance.rs\/#website"},"datePublished":"2022-08-23T08:20:14+00:00","dateModified":"2022-10-04T06:17:47+00:00","breadcrumb":{"@id":"https:\/\/msfinance.rs\/usluge\/knjigovodstvene-usluge\/#breadcrumb"},"inLanguage":"en-US","potentialAction":[{"@type":"ReadAction","target":["https:\/\/msfinance.rs\/usluge\/knjigovodstvene-usluge\/"]}]},{"@type":"BreadcrumbList","@id":"https:\/\/msfinance.rs\/usluge\/knjigovodstvene-usluge\/#breadcrumb","itemListElement":[{"@type":"ListItem","position":1,"name":"Home","item":"https:\/\/msfinance.rs\/"},{"@type":"ListItem","position":2,"name":"Usluge","item":"https:\/\/msfinance.rs\/usluge\/"},{"@type":"ListItem","position":3,"name":"Knjigovodstvene usluge"}]},{"@type":"WebSite","@id":"https:\/\/msfinance.rs\/#website","url":"https:\/\/msfinance.rs\/","name":"MS Finance","description":"MS Finance","publisher":{"@id":"https:\/\/msfinance.rs\/#organization"},"potentialAction":[{"@type":"SearchAction","target":{"@type":"EntryPoint","urlTemplate":"https:\/\/msfinance.rs\/?s={search_term_string}"},"query-input":{"@type":"PropertyValueSpecification","valueRequired":true,"valueName":"search_term_string"}}],"inLanguage":"en-US"},{"@type":"Organization","@id":"https:\/\/msfinance.rs\/#organization","name":"MS Finance","url":"https:\/\/msfinance.rs\/","logo":{"@type":"ImageObject","inLanguage":"en-US","@id":"https:\/\/msfinance.rs\/#\/schema\/logo\/image\/","url":"https:\/\/msfinance.rs\/wp-content\/uploads\/2022\/08\/MS_png1.png","contentUrl":"https:\/\/msfinance.rs\/wp-content\/uploads\/2022\/08\/MS_png1.png","width":1000,"height":363,"caption":"MS Finance"},"image":{"@id":"https:\/\/msfinance.rs\/#\/schema\/logo\/image\/"}}]}},"_links":{"self":[{"href":"https:\/\/msfinance.rs\/en\/wp-json\/wp\/v2\/pages\/26","targetHints":{"allow":["GET"]}}],"collection":[{"href":"https:\/\/msfinance.rs\/en\/wp-json\/wp\/v2\/pages"}],"about":[{"href":"https:\/\/msfinance.rs\/en\/wp-json\/wp\/v2\/types\/page"}],"author":[{"embeddable":true,"href":"https:\/\/msfinance.rs\/en\/wp-json\/wp\/v2\/users\/1"}],"replies":[{"embeddable":true,"href":"https:\/\/msfinance.rs\/en\/wp-json\/wp\/v2\/comments?post=26"}],"version-history":[{"count":10,"href":"https:\/\/msfinance.rs\/en\/wp-json\/wp\/v2\/pages\/26\/revisions"}],"predecessor-version":[{"id":465,"href":"https:\/\/msfinance.rs\/en\/wp-json\/wp\/v2\/pages\/26\/revisions\/465"}],"up":[{"embeddable":true,"href":"https:\/\/msfinance.rs\/en\/wp-json\/wp\/v2\/pages\/34"}],"wp:attachment":[{"href":"https:\/\/msfinance.rs\/en\/wp-json\/wp\/v2\/media?parent=26"}],"curies":[{"name":"wp","href":"https:\/\/api.w.org\/{rel}","templated":true}]}}