{"id":41,"date":"2022-08-23T08:41:31","date_gmt":"2022-08-23T08:41:31","guid":{"rendered":"http:\/\/wp.msfinance.rs\/?page_id=41"},"modified":"2022-09-05T08:22:11","modified_gmt":"2022-09-05T08:22:11","slug":"poresko-savetovanje","status":"publish","type":"page","link":"https:\/\/msfinance.rs\/en\/usluge\/poresko-savetovanje\/","title":{"rendered":"Tax advisory services"},"content":{"rendered":"<h1>Tax advisory services<\/h1>\n<div>\n<p><span>Usluge poreskog savetovanja prilago\u0111ene su individualnim potrebama svakog klijenta. Primenjujemo stru\u010dnost i iskustvo koje obuhvata najrazli\u010ditije oblasti poreza. Vr\u0161imo poresko savetovanje, poresku kontrolu kao i kontrolu PDV-a.<\/span><br \/><span>Imaju\u0107i u vidu da poreska pitanja mogu da budu klju\u010dni problem svakog biznisa pra\u0107enjem poslovanja i usagla\u0161enosti sa va\u017ee\u0107om poreskom regulativom u svim vrstama poreza omogu\u0107avamo postizanje maksimalne poreske efikasnosti i poma\u017eemo u optimizaciji poreskih obaveza.<\/span><\/p>\n<\/div>\n<div>\n<h3 class=\"sppb-addon-title\">Tax advisory services cover:<\/h3>\n<div class=\"sppb-addon-content\">\n<ul>\n<li>Counseling in the field of value added tax (VAT)<\/li>\n<li>Kontrola podataka i prate\u0107e dokumentacije u PDV prijavama<\/li>\n<li>Income tax<\/li>\n<li>Value added tax<\/li>\n<li>Property Tax<\/li>\n<li>Porez na dohodak gra\u0111ana<\/li>\n<li>Study on transfer pricing<\/li>\n<li>Tax planning<\/li>\n<li>Preventive tax control<\/li>\n<li>Podr\u0161ka u komunikaciji sa poreskim organima u postupcima poreske kontrole<\/li>\n<\/ul>\n<\/div>\n<\/div>\n<p><img decoding=\"async\" src=\"\/wp-content\/uploads\/2022\/08\/scale-306515_1280.png\" alt=\"\"><\/p>\n<p><!--more--><br \/>\n<!-- {\"type\":\"layout\",\"children\":[{\"type\":\"section\",\"props\":{\"style\":\"primary\",\"width\":\"default\",\"vertical_align\":\"middle\",\"title_position\":\"top-left\",\"title_rotation\":\"left\",\"title_breakpoint\":\"xl\",\"image_position\":\"center-center\",\"image\":\"wp-content\\\/uploads\\\/2022\\\/09\\\/bigstock-Modern-business-buildings-45559522.jpg\",\"image_size\":\"cover\",\"padding\":\"large\"},\"children\":[{\"type\":\"row\",\"children\":[{\"type\":\"column\",\"props\":{\"position_sticky_breakpoint\":\"m\",\"image_position\":\"center-center\",\"media_overlay_gradient\":\"\"},\"children\":[{\"type\":\"headline\",\"props\":{\"title_element\":\"h1\",\"content\":\"Poresko savetovanje\",\"title_style\":\"heading-medium\",\"text_align\":\"center\"}}]}]}]},{\"type\":\"section\",\"props\":{\"style\":\"default\",\"width\":\"default\",\"vertical_align\":\"middle\",\"title_position\":\"top-left\",\"title_rotation\":\"left\",\"title_breakpoint\":\"xl\",\"image_position\":\"center-center\"},\"children\":[{\"type\":\"row\",\"children\":[{\"type\":\"column\",\"props\":{\"position_sticky_breakpoint\":\"m\",\"image_position\":\"center-center\",\"media_overlay_gradient\":\"\"},\"children\":[{\"type\":\"text\",\"props\":{\"margin\":\"default\",\"column_breakpoint\":\"m\",\"content\":\"\n\n<p><span>Usluge poreskog savetovanja prilago\\u0111ene su individualnim potrebama svakog klijenta. Primenjujemo stru\\u010dnost i iskustvo koje obuhvata najrazli\\u010ditije oblasti poreza. Vr\\u0161imo poresko savetovanje, poresku kontrolu kao i kontrolu PDV-a.<\\\/span><br \\\/><span>Imaju\\u0107i u vidu da poreska pitanja mogu da budu klju\\u010dni problem svakog biznisa pra\\u0107enjem poslovanja i usagla\\u0161enosti sa va\\u017ee\\u0107om poreskom regulativom u svim vrstama poreza omogu\\u0107avamo postizanje maksimalne poreske efikasnosti i poma\\u017eemo u optimizaciji poreskih obaveza.<\\\/span><\\\/p>\"}}]}]}]},{\"type\":\"section\",\"props\":{\"style\":\"default\",\"width\":\"default\",\"vertical_align\":\"middle\",\"title_position\":\"top-left\",\"title_rotation\":\"left\",\"title_breakpoint\":\"xl\",\"image_position\":\"center-center\"},\"children\":[{\"type\":\"row\",\"props\":{\"layout\":\"1-2,1-2\"},\"children\":[{\"type\":\"column\",\"props\":{\"position_sticky_breakpoint\":\"m\",\"image_position\":\"center-center\",\"media_overlay_gradient\":\"\",\"width_medium\":\"1-2\",\"vertical_align\":\"middle\"},\"children\":[{\"type\":\"text\",\"props\":{\"margin\":\"default\",\"column_breakpoint\":\"m\",\"content\":\"\n\n<h3 class=\\\"sppb-addon-title\\\">Usluge poreskog savetovanja obuhvataju:<\\\/h3>\\n\n\n<div class=\\\"sppb-addon-content\\\">\\n\n\n<ul>\\n\n\n<li>Savetovanje iz oblasti porez na dodatu vrednost (PDV)<\\\/li>\\n\n\n<li>Kontrola podataka i prate\\u0107e dokumentacije u PDV prijavama<\\\/li>\\n\n\n<li>Porez na dobit<\\\/li>\\n\n\n<li>Porez na dodatu vrednost<\\\/li>\\n\n\n<li>Porez na imovinu<\\\/li>\\n\n\n<li>Porez na dohodak gra\\u0111ana<\\\/li>\\n\n\n<li>Izrada studije o transfernih cena<\\\/li>\\n\n\n<li>Poresko planiranje<\\\/li>\\n\n\n<li>Preventivna poreska kontrola<\\\/li>\\n\n\n<li>Podr\\u0161ka u komunikaciji sa poreskim organima u postupcima poreske kontrole<\\\/li>\\n<\\\/ul>\\n<\\\/div>\"}}]},{\"type\":\"column\",\"props\":{\"position_sticky_breakpoint\":\"m\",\"image_position\":\"center-center\",\"media_overlay_gradient\":\"\",\"width_medium\":\"1-2\",\"vertical_align\":\"middle\"},\"children\":[{\"type\":\"image\",\"props\":{\"margin\":\"default\",\"image_svg_color\":\"emphasis\",\"image\":\"wp-content\\\/uploads\\\/2022\\\/08\\\/scale-306515_1280.png\"}}]}]}]}],\"version\":\"2.7.23\"} --><\/p>","protected":false},"excerpt":{"rendered":"<p>Poresko savetovanje Usluge poreskog savetovanja prilago\u0111ene su individualnim potrebama svakog klijenta. Primenjujemo stru\u010dnost i iskustvo koje obuhvata najrazli\u010ditije oblasti poreza. Vr\u0161imo poresko savetovanje, poresku kontrolu kao i kontrolu PDV-a.Imaju\u0107i u vidu da poreska pitanja mogu da budu klju\u010dni problem svakog biznisa pra\u0107enjem poslovanja i usagla\u0161enosti sa va\u017ee\u0107om poreskom regulativom u svim vrstama poreza omogu\u0107avamo postizanje [&hellip;]<\/p>","protected":false},"author":1,"featured_media":0,"parent":34,"menu_order":0,"comment_status":"closed","ping_status":"closed","template":"","meta":{"footnotes":""},"class_list":["post-41","page","type-page","status-publish","hentry"],"yoast_head":"<!-- This site is optimized with the Yoast SEO Premium plugin v26.5 (Yoast SEO v26.6) - https:\/\/yoast.com\/wordpress\/plugins\/seo\/ -->\n<title>Poresko savetovanje - MS Finance<\/title>\n<meta name=\"robots\" content=\"index, follow, max-snippet:-1, max-image-preview:large, max-video-preview:-1\" \/>\n<link rel=\"canonical\" href=\"https:\/\/msfinance.rs\/en\/usluge\/poresko-savetovanje\/\" \/>\n<meta property=\"og:locale\" content=\"en_US\" \/>\n<meta property=\"og:type\" content=\"article\" \/>\n<meta property=\"og:title\" content=\"Poresko savetovanje\" \/>\n<meta property=\"og:description\" content=\"Poresko savetovanje Usluge poreskog savetovanja prilago\u0111ene su individualnim potrebama svakog klijenta. Primenjujemo stru\u010dnost i iskustvo koje obuhvata najrazli\u010ditije oblasti poreza. Vr\u0161imo poresko savetovanje, poresku kontrolu kao i kontrolu PDV-a.Imaju\u0107i u vidu da poreska pitanja mogu da budu klju\u010dni problem svakog biznisa pra\u0107enjem poslovanja i usagla\u0161enosti sa va\u017ee\u0107om poreskom regulativom u svim vrstama poreza omogu\u0107avamo postizanje [&hellip;]\" \/>\n<meta property=\"og:url\" content=\"https:\/\/msfinance.rs\/en\/usluge\/poresko-savetovanje\/\" \/>\n<meta property=\"og:site_name\" content=\"MS Finance\" \/>\n<meta property=\"article:modified_time\" content=\"2022-09-05T08:22:11+00:00\" \/>\n<meta name=\"twitter:card\" content=\"summary_large_image\" \/>\n<meta name=\"twitter:label1\" content=\"Est. reading time\" \/>\n\t<meta name=\"twitter:data1\" content=\"1 minute\" \/>\n<script type=\"application\/ld+json\" class=\"yoast-schema-graph\">{\"@context\":\"https:\/\/schema.org\",\"@graph\":[{\"@type\":\"WebPage\",\"@id\":\"https:\/\/msfinance.rs\/usluge\/poresko-savetovanje\/\",\"url\":\"https:\/\/msfinance.rs\/usluge\/poresko-savetovanje\/\",\"name\":\"Poresko savetovanje - MS Finance\",\"isPartOf\":{\"@id\":\"https:\/\/msfinance.rs\/#website\"},\"datePublished\":\"2022-08-23T08:41:31+00:00\",\"dateModified\":\"2022-09-05T08:22:11+00:00\",\"breadcrumb\":{\"@id\":\"https:\/\/msfinance.rs\/usluge\/poresko-savetovanje\/#breadcrumb\"},\"inLanguage\":\"en-US\",\"potentialAction\":[{\"@type\":\"ReadAction\",\"target\":[\"https:\/\/msfinance.rs\/usluge\/poresko-savetovanje\/\"]}]},{\"@type\":\"BreadcrumbList\",\"@id\":\"https:\/\/msfinance.rs\/usluge\/poresko-savetovanje\/#breadcrumb\",\"itemListElement\":[{\"@type\":\"ListItem\",\"position\":1,\"name\":\"Home\",\"item\":\"https:\/\/msfinance.rs\/\"},{\"@type\":\"ListItem\",\"position\":2,\"name\":\"Usluge\",\"item\":\"https:\/\/msfinance.rs\/usluge\/\"},{\"@type\":\"ListItem\",\"position\":3,\"name\":\"Poresko savetovanje\"}]},{\"@type\":\"WebSite\",\"@id\":\"https:\/\/msfinance.rs\/#website\",\"url\":\"https:\/\/msfinance.rs\/\",\"name\":\"MS Finance\",\"description\":\"MS Finance\",\"publisher\":{\"@id\":\"https:\/\/msfinance.rs\/#organization\"},\"potentialAction\":[{\"@type\":\"SearchAction\",\"target\":{\"@type\":\"EntryPoint\",\"urlTemplate\":\"https:\/\/msfinance.rs\/?s={search_term_string}\"},\"query-input\":{\"@type\":\"PropertyValueSpecification\",\"valueRequired\":true,\"valueName\":\"search_term_string\"}}],\"inLanguage\":\"en-US\"},{\"@type\":\"Organization\",\"@id\":\"https:\/\/msfinance.rs\/#organization\",\"name\":\"MS Finance\",\"url\":\"https:\/\/msfinance.rs\/\",\"logo\":{\"@type\":\"ImageObject\",\"inLanguage\":\"en-US\",\"@id\":\"https:\/\/msfinance.rs\/#\/schema\/logo\/image\/\",\"url\":\"https:\/\/msfinance.rs\/wp-content\/uploads\/2022\/08\/MS_png1.png\",\"contentUrl\":\"https:\/\/msfinance.rs\/wp-content\/uploads\/2022\/08\/MS_png1.png\",\"width\":1000,\"height\":363,\"caption\":\"MS Finance\"},\"image\":{\"@id\":\"https:\/\/msfinance.rs\/#\/schema\/logo\/image\/\"}}]}<\/script>\n<!-- \/ Yoast SEO Premium plugin. -->","yoast_head_json":{"title":"Poresko savetovanje - MS Finance","robots":{"index":"index","follow":"follow","max-snippet":"max-snippet:-1","max-image-preview":"max-image-preview:large","max-video-preview":"max-video-preview:-1"},"canonical":"https:\/\/msfinance.rs\/en\/usluge\/poresko-savetovanje\/","og_locale":"en_US","og_type":"article","og_title":"Poresko savetovanje","og_description":"Poresko savetovanje Usluge poreskog savetovanja prilago\u0111ene su individualnim potrebama svakog klijenta. Primenjujemo stru\u010dnost i iskustvo koje obuhvata najrazli\u010ditije oblasti poreza. Vr\u0161imo poresko savetovanje, poresku kontrolu kao i kontrolu PDV-a.Imaju\u0107i u vidu da poreska pitanja mogu da budu klju\u010dni problem svakog biznisa pra\u0107enjem poslovanja i usagla\u0161enosti sa va\u017ee\u0107om poreskom regulativom u svim vrstama poreza omogu\u0107avamo postizanje [&hellip;]","og_url":"https:\/\/msfinance.rs\/en\/usluge\/poresko-savetovanje\/","og_site_name":"MS Finance","article_modified_time":"2022-09-05T08:22:11+00:00","twitter_card":"summary_large_image","twitter_misc":{"Est. reading time":"1 minute"},"schema":{"@context":"https:\/\/schema.org","@graph":[{"@type":"WebPage","@id":"https:\/\/msfinance.rs\/usluge\/poresko-savetovanje\/","url":"https:\/\/msfinance.rs\/usluge\/poresko-savetovanje\/","name":"Poresko savetovanje - MS Finance","isPartOf":{"@id":"https:\/\/msfinance.rs\/#website"},"datePublished":"2022-08-23T08:41:31+00:00","dateModified":"2022-09-05T08:22:11+00:00","breadcrumb":{"@id":"https:\/\/msfinance.rs\/usluge\/poresko-savetovanje\/#breadcrumb"},"inLanguage":"en-US","potentialAction":[{"@type":"ReadAction","target":["https:\/\/msfinance.rs\/usluge\/poresko-savetovanje\/"]}]},{"@type":"BreadcrumbList","@id":"https:\/\/msfinance.rs\/usluge\/poresko-savetovanje\/#breadcrumb","itemListElement":[{"@type":"ListItem","position":1,"name":"Home","item":"https:\/\/msfinance.rs\/"},{"@type":"ListItem","position":2,"name":"Usluge","item":"https:\/\/msfinance.rs\/usluge\/"},{"@type":"ListItem","position":3,"name":"Poresko savetovanje"}]},{"@type":"WebSite","@id":"https:\/\/msfinance.rs\/#website","url":"https:\/\/msfinance.rs\/","name":"MS Finance","description":"MS Finance","publisher":{"@id":"https:\/\/msfinance.rs\/#organization"},"potentialAction":[{"@type":"SearchAction","target":{"@type":"EntryPoint","urlTemplate":"https:\/\/msfinance.rs\/?s={search_term_string}"},"query-input":{"@type":"PropertyValueSpecification","valueRequired":true,"valueName":"search_term_string"}}],"inLanguage":"en-US"},{"@type":"Organization","@id":"https:\/\/msfinance.rs\/#organization","name":"MS Finance","url":"https:\/\/msfinance.rs\/","logo":{"@type":"ImageObject","inLanguage":"en-US","@id":"https:\/\/msfinance.rs\/#\/schema\/logo\/image\/","url":"https:\/\/msfinance.rs\/wp-content\/uploads\/2022\/08\/MS_png1.png","contentUrl":"https:\/\/msfinance.rs\/wp-content\/uploads\/2022\/08\/MS_png1.png","width":1000,"height":363,"caption":"MS Finance"},"image":{"@id":"https:\/\/msfinance.rs\/#\/schema\/logo\/image\/"}}]}},"_links":{"self":[{"href":"https:\/\/msfinance.rs\/en\/wp-json\/wp\/v2\/pages\/41","targetHints":{"allow":["GET"]}}],"collection":[{"href":"https:\/\/msfinance.rs\/en\/wp-json\/wp\/v2\/pages"}],"about":[{"href":"https:\/\/msfinance.rs\/en\/wp-json\/wp\/v2\/types\/page"}],"author":[{"embeddable":true,"href":"https:\/\/msfinance.rs\/en\/wp-json\/wp\/v2\/users\/1"}],"replies":[{"embeddable":true,"href":"https:\/\/msfinance.rs\/en\/wp-json\/wp\/v2\/comments?post=41"}],"version-history":[{"count":5,"href":"https:\/\/msfinance.rs\/en\/wp-json\/wp\/v2\/pages\/41\/revisions"}],"predecessor-version":[{"id":230,"href":"https:\/\/msfinance.rs\/en\/wp-json\/wp\/v2\/pages\/41\/revisions\/230"}],"up":[{"embeddable":true,"href":"https:\/\/msfinance.rs\/en\/wp-json\/wp\/v2\/pages\/34"}],"wp:attachment":[{"href":"https:\/\/msfinance.rs\/en\/wp-json\/wp\/v2\/media?parent=41"}],"curies":[{"name":"wp","href":"https:\/\/api.w.org\/{rel}","templated":true}]}}