{"id":44,"date":"2022-08-23T08:41:47","date_gmt":"2022-08-23T08:41:47","guid":{"rendered":"http:\/\/wp.msfinance.rs\/?page_id=44"},"modified":"2022-09-05T08:20:59","modified_gmt":"2022-09-05T08:20:59","slug":"poslovno-savetovanje","status":"publish","type":"page","link":"https:\/\/msfinance.rs\/en\/usluge\/poslovno-savetovanje\/","title":{"rendered":"Business consulting"},"content":{"rendered":"<h1>Business consulting<\/h1>\n<div>\n<h3 class=\"sppb-addon-title\">Usluga osnivanja preduze\u0107a<\/h3>\n<div class=\"sppb-addon-content\">\n<ul>\n<li>izrada osniva\u010dkog akta (odluka ili ugovor),<\/li>\n<li>completing the registration application,<\/li>\n<li>producing OP forms,<\/li>\n<li>pomo\u0107 pri uplati osniva\u010dkog kapitala,<\/li>\n<li>registration of a company with the Business Registers Agency;<\/li>\n<\/ul>\n<\/div>\n<\/div>\n<div>\n<h3 class=\"sppb-addon-title\">Business and shop re-registration of data includes the following activities:<\/h3>\n<div class=\"sppb-addon-content\">\n<ul>\n<li>Maing the necessary decisions for pre-registration<\/li>\n<li>The name change decision<\/li>\n<li>Odluka o promeni prete\u017ene delatnosti<\/li>\n<li>Odluka o promeni sedi\u0161ta preduze\u0107a<\/li>\n<li>Decision on change of directors or other agents<\/li>\n<\/ul>\n<\/div>\n<\/div>\n<div>\n<h3 class=\"sppb-addon-title\">Brisanja preduze\u0107a likvidacija<\/h3>\n<div class=\"sppb-addon-content\">\n<ul>\n<li>Maing the necessary decisions for pre-registration<\/li>\n<li>Decision on initiation of liquidation proceedings,<\/li>\n<li>Decision on appointment of liquidator,<\/li>\n<li>Izve\u0161taj likvidacionog upravnika,<\/li>\n<\/ul>\n<\/div>\n<\/div>\n<p><!--more--><br \/>\n<!-- {\"type\":\"layout\",\"children\":[{\"type\":\"section\",\"props\":{\"style\":\"primary\",\"width\":\"default\",\"vertical_align\":\"middle\",\"title_position\":\"top-left\",\"title_rotation\":\"left\",\"title_breakpoint\":\"xl\",\"image_position\":\"center-center\",\"image\":\"wp-content\\\/uploads\\\/2022\\\/09\\\/bigstock-Modern-business-buildings-45559522.jpg\",\"image_size\":\"cover\",\"padding\":\"large\"},\"children\":[{\"type\":\"row\",\"children\":[{\"type\":\"column\",\"props\":{\"position_sticky_breakpoint\":\"m\",\"image_position\":\"center-center\",\"media_overlay_gradient\":\"\"},\"children\":[{\"type\":\"headline\",\"props\":{\"title_element\":\"h1\",\"content\":\"Poslovno savetovanje\",\"title_style\":\"heading-medium\",\"text_align\":\"center\"}}]}]}]},{\"type\":\"section\",\"props\":{\"style\":\"default\",\"width\":\"default\",\"vertical_align\":\"middle\",\"title_position\":\"top-left\",\"title_rotation\":\"left\",\"title_breakpoint\":\"xl\",\"image_position\":\"center-center\"},\"children\":[{\"type\":\"row\",\"props\":{\"layout\":\"1-3,1-3,1-3\"},\"children\":[{\"type\":\"column\",\"props\":{\"position_sticky_breakpoint\":\"m\",\"image_position\":\"center-center\",\"media_overlay_gradient\":\"\",\"width_medium\":\"1-3\"},\"children\":[{\"type\":\"text\",\"props\":{\"margin\":\"default\",\"column_breakpoint\":\"m\",\"content\":\"\n\n<h3 class=\\\"sppb-addon-title\\\">Usluga osnivanja preduze\\u0107a<\\\/h3>\\n\n\n<div class=\\\"sppb-addon-content\\\">\\n\n\n<ul>\\n\n\n<li>izrada osniva\\u010dkog akta (odluka ili ugovor),<\\\/li>\\n\n\n<li>popunjavanje registracione prijave,<\\\/li>\\n\n\n<li>izrada OP obrazaca,<\\\/li>\\n\n\n<li>pomo\\u0107 pri uplati osniva\\u010dkog kapitala,<\\\/li>\\n\n\n<li>registracija firme u Agenciji za privredne registre;<\\\/li>\\n<\\\/ul>\\n<\\\/div>\"}}]},{\"type\":\"column\",\"props\":{\"position_sticky_breakpoint\":\"m\",\"image_position\":\"center-center\",\"media_overlay_gradient\":\"\",\"width_medium\":\"1-3\"},\"children\":[{\"type\":\"text\",\"props\":{\"margin\":\"default\",\"column_breakpoint\":\"m\",\"content\":\"\n\n<h3 class=\\\"sppb-addon-title\\\">Usluga registracije podataka<\\\/h3>\\n\n\n<div class=\\\"sppb-addon-content\\\">\\n\n\n<ul>\\n\n\n<li>Izrada neophodnih odluka za pre registraciju<\\\/li>\\n\n\n<li>Odluka o promeni imena<\\\/li>\\n\n\n<li>Odluka o promeni prete\\u017ene delatnosti<\\\/li>\\n\n\n<li>Odluka o promeni sedi\\u0161ta preduze\\u0107a<\\\/li>\\n\n\n<li>Odluka o promeni direktora ili drugih zastupnika<\\\/li>\\n<\\\/ul>\\n<\\\/div>\"}}]},{\"type\":\"column\",\"props\":{\"position_sticky_breakpoint\":\"m\",\"image_position\":\"center-center\",\"media_overlay_gradient\":\"\",\"width_medium\":\"1-3\"},\"children\":[{\"type\":\"text\",\"props\":{\"margin\":\"default\",\"column_breakpoint\":\"m\",\"content\":\"\n\n<h3 class=\\\"sppb-addon-title\\\">Brisanja preduze\\u0107a likvidacija<\\\/h3>\\n\n\n<div class=\\\"sppb-addon-content\\\">\\n\n\n<ul>\\n\n\n<li>Izrada neophodnih odluka;<\\\/li>\\n\n\n<li>Odluka o pokretanju postupka likvidacije,<\\\/li>\\n\n\n<li>Odluka o imenovanju likvidacionog upravnika,<\\\/li>\\n\n\n<li>Izve\\u0161taj likvidacionog upravnika,<\\\/li>\\n<\\\/ul>\\n<\\\/div>\"}}]}]}]}],\"version\":\"2.7.23\"} --><\/p>","protected":false},"excerpt":{"rendered":"<p>Poslovno savetovanje Usluga osnivanja preduze\u0107a izrada osniva\u010dkog akta (odluka ili ugovor), popunjavanje registracione prijave, izrada OP obrazaca, pomo\u0107 pri uplati osniva\u010dkog kapitala, registracija firme u Agenciji za privredne registre; Usluga registracije podataka Izrada neophodnih odluka za pre registraciju Odluka o promeni imena Odluka o promeni prete\u017ene delatnosti Odluka o promeni sedi\u0161ta preduze\u0107a Odluka o promeni [&hellip;]<\/p>","protected":false},"author":1,"featured_media":0,"parent":34,"menu_order":0,"comment_status":"closed","ping_status":"closed","template":"","meta":{"footnotes":""},"class_list":["post-44","page","type-page","status-publish","hentry"],"yoast_head":"<!-- This site is optimized with the Yoast SEO Premium plugin v26.5 (Yoast SEO v26.6) - https:\/\/yoast.com\/wordpress\/plugins\/seo\/ -->\n<title>Poslovno savetovanje - MS Finance<\/title>\n<meta name=\"robots\" content=\"index, follow, max-snippet:-1, max-image-preview:large, max-video-preview:-1\" \/>\n<link rel=\"canonical\" href=\"https:\/\/msfinance.rs\/en\/usluge\/poslovno-savetovanje\/\" \/>\n<meta property=\"og:locale\" content=\"en_US\" \/>\n<meta property=\"og:type\" content=\"article\" \/>\n<meta property=\"og:title\" content=\"Poslovno savetovanje\" \/>\n<meta property=\"og:description\" content=\"Poslovno savetovanje Usluga osnivanja preduze\u0107a izrada osniva\u010dkog akta (odluka ili ugovor), popunjavanje registracione prijave, izrada OP obrazaca, pomo\u0107 pri uplati osniva\u010dkog kapitala, registracija firme u Agenciji za privredne registre; Usluga registracije podataka Izrada neophodnih odluka za pre registraciju Odluka o promeni imena Odluka o promeni prete\u017ene delatnosti Odluka o promeni sedi\u0161ta preduze\u0107a Odluka o promeni [&hellip;]\" \/>\n<meta property=\"og:url\" content=\"https:\/\/msfinance.rs\/en\/usluge\/poslovno-savetovanje\/\" \/>\n<meta property=\"og:site_name\" content=\"MS Finance\" \/>\n<meta property=\"article:modified_time\" content=\"2022-09-05T08:20:59+00:00\" \/>\n<meta name=\"twitter:card\" content=\"summary_large_image\" \/>\n<script type=\"application\/ld+json\" class=\"yoast-schema-graph\">{\"@context\":\"https:\/\/schema.org\",\"@graph\":[{\"@type\":\"WebPage\",\"@id\":\"https:\/\/msfinance.rs\/usluge\/poslovno-savetovanje\/\",\"url\":\"https:\/\/msfinance.rs\/usluge\/poslovno-savetovanje\/\",\"name\":\"Poslovno savetovanje - MS Finance\",\"isPartOf\":{\"@id\":\"https:\/\/msfinance.rs\/#website\"},\"datePublished\":\"2022-08-23T08:41:47+00:00\",\"dateModified\":\"2022-09-05T08:20:59+00:00\",\"breadcrumb\":{\"@id\":\"https:\/\/msfinance.rs\/usluge\/poslovno-savetovanje\/#breadcrumb\"},\"inLanguage\":\"en-US\",\"potentialAction\":[{\"@type\":\"ReadAction\",\"target\":[\"https:\/\/msfinance.rs\/usluge\/poslovno-savetovanje\/\"]}]},{\"@type\":\"BreadcrumbList\",\"@id\":\"https:\/\/msfinance.rs\/usluge\/poslovno-savetovanje\/#breadcrumb\",\"itemListElement\":[{\"@type\":\"ListItem\",\"position\":1,\"name\":\"Home\",\"item\":\"https:\/\/msfinance.rs\/\"},{\"@type\":\"ListItem\",\"position\":2,\"name\":\"Usluge\",\"item\":\"https:\/\/msfinance.rs\/usluge\/\"},{\"@type\":\"ListItem\",\"position\":3,\"name\":\"Poslovno savetovanje\"}]},{\"@type\":\"WebSite\",\"@id\":\"https:\/\/msfinance.rs\/#website\",\"url\":\"https:\/\/msfinance.rs\/\",\"name\":\"MS Finance\",\"description\":\"MS Finance\",\"publisher\":{\"@id\":\"https:\/\/msfinance.rs\/#organization\"},\"potentialAction\":[{\"@type\":\"SearchAction\",\"target\":{\"@type\":\"EntryPoint\",\"urlTemplate\":\"https:\/\/msfinance.rs\/?s={search_term_string}\"},\"query-input\":{\"@type\":\"PropertyValueSpecification\",\"valueRequired\":true,\"valueName\":\"search_term_string\"}}],\"inLanguage\":\"en-US\"},{\"@type\":\"Organization\",\"@id\":\"https:\/\/msfinance.rs\/#organization\",\"name\":\"MS Finance\",\"url\":\"https:\/\/msfinance.rs\/\",\"logo\":{\"@type\":\"ImageObject\",\"inLanguage\":\"en-US\",\"@id\":\"https:\/\/msfinance.rs\/#\/schema\/logo\/image\/\",\"url\":\"https:\/\/msfinance.rs\/wp-content\/uploads\/2022\/08\/MS_png1.png\",\"contentUrl\":\"https:\/\/msfinance.rs\/wp-content\/uploads\/2022\/08\/MS_png1.png\",\"width\":1000,\"height\":363,\"caption\":\"MS Finance\"},\"image\":{\"@id\":\"https:\/\/msfinance.rs\/#\/schema\/logo\/image\/\"}}]}<\/script>\n<!-- \/ Yoast SEO Premium plugin. -->","yoast_head_json":{"title":"Poslovno savetovanje - MS Finance","robots":{"index":"index","follow":"follow","max-snippet":"max-snippet:-1","max-image-preview":"max-image-preview:large","max-video-preview":"max-video-preview:-1"},"canonical":"https:\/\/msfinance.rs\/en\/usluge\/poslovno-savetovanje\/","og_locale":"en_US","og_type":"article","og_title":"Poslovno savetovanje","og_description":"Poslovno savetovanje Usluga osnivanja preduze\u0107a izrada osniva\u010dkog akta (odluka ili ugovor), popunjavanje registracione prijave, izrada OP obrazaca, pomo\u0107 pri uplati osniva\u010dkog kapitala, registracija firme u Agenciji za privredne registre; Usluga registracije podataka Izrada neophodnih odluka za pre registraciju Odluka o promeni imena Odluka o promeni prete\u017ene delatnosti Odluka o promeni sedi\u0161ta preduze\u0107a Odluka o promeni [&hellip;]","og_url":"https:\/\/msfinance.rs\/en\/usluge\/poslovno-savetovanje\/","og_site_name":"MS Finance","article_modified_time":"2022-09-05T08:20:59+00:00","twitter_card":"summary_large_image","schema":{"@context":"https:\/\/schema.org","@graph":[{"@type":"WebPage","@id":"https:\/\/msfinance.rs\/usluge\/poslovno-savetovanje\/","url":"https:\/\/msfinance.rs\/usluge\/poslovno-savetovanje\/","name":"Poslovno savetovanje - MS Finance","isPartOf":{"@id":"https:\/\/msfinance.rs\/#website"},"datePublished":"2022-08-23T08:41:47+00:00","dateModified":"2022-09-05T08:20:59+00:00","breadcrumb":{"@id":"https:\/\/msfinance.rs\/usluge\/poslovno-savetovanje\/#breadcrumb"},"inLanguage":"en-US","potentialAction":[{"@type":"ReadAction","target":["https:\/\/msfinance.rs\/usluge\/poslovno-savetovanje\/"]}]},{"@type":"BreadcrumbList","@id":"https:\/\/msfinance.rs\/usluge\/poslovno-savetovanje\/#breadcrumb","itemListElement":[{"@type":"ListItem","position":1,"name":"Home","item":"https:\/\/msfinance.rs\/"},{"@type":"ListItem","position":2,"name":"Usluge","item":"https:\/\/msfinance.rs\/usluge\/"},{"@type":"ListItem","position":3,"name":"Poslovno savetovanje"}]},{"@type":"WebSite","@id":"https:\/\/msfinance.rs\/#website","url":"https:\/\/msfinance.rs\/","name":"MS Finance","description":"MS Finance","publisher":{"@id":"https:\/\/msfinance.rs\/#organization"},"potentialAction":[{"@type":"SearchAction","target":{"@type":"EntryPoint","urlTemplate":"https:\/\/msfinance.rs\/?s={search_term_string}"},"query-input":{"@type":"PropertyValueSpecification","valueRequired":true,"valueName":"search_term_string"}}],"inLanguage":"en-US"},{"@type":"Organization","@id":"https:\/\/msfinance.rs\/#organization","name":"MS Finance","url":"https:\/\/msfinance.rs\/","logo":{"@type":"ImageObject","inLanguage":"en-US","@id":"https:\/\/msfinance.rs\/#\/schema\/logo\/image\/","url":"https:\/\/msfinance.rs\/wp-content\/uploads\/2022\/08\/MS_png1.png","contentUrl":"https:\/\/msfinance.rs\/wp-content\/uploads\/2022\/08\/MS_png1.png","width":1000,"height":363,"caption":"MS Finance"},"image":{"@id":"https:\/\/msfinance.rs\/#\/schema\/logo\/image\/"}}]}},"_links":{"self":[{"href":"https:\/\/msfinance.rs\/en\/wp-json\/wp\/v2\/pages\/44","targetHints":{"allow":["GET"]}}],"collection":[{"href":"https:\/\/msfinance.rs\/en\/wp-json\/wp\/v2\/pages"}],"about":[{"href":"https:\/\/msfinance.rs\/en\/wp-json\/wp\/v2\/types\/page"}],"author":[{"embeddable":true,"href":"https:\/\/msfinance.rs\/en\/wp-json\/wp\/v2\/users\/1"}],"replies":[{"embeddable":true,"href":"https:\/\/msfinance.rs\/en\/wp-json\/wp\/v2\/comments?post=44"}],"version-history":[{"count":4,"href":"https:\/\/msfinance.rs\/en\/wp-json\/wp\/v2\/pages\/44\/revisions"}],"predecessor-version":[{"id":228,"href":"https:\/\/msfinance.rs\/en\/wp-json\/wp\/v2\/pages\/44\/revisions\/228"}],"up":[{"embeddable":true,"href":"https:\/\/msfinance.rs\/en\/wp-json\/wp\/v2\/pages\/34"}],"wp:attachment":[{"href":"https:\/\/msfinance.rs\/en\/wp-json\/wp\/v2\/media?parent=44"}],"curies":[{"name":"wp","href":"https:\/\/api.w.org\/{rel}","templated":true}]}}