{"id":49,"date":"2022-08-23T08:42:32","date_gmt":"2022-08-23T08:42:32","guid":{"rendered":"http:\/\/wp.msfinance.rs\/?page_id=49"},"modified":"2022-09-05T08:18:40","modified_gmt":"2022-09-05T08:18:40","slug":"tim-erp-softver","status":"publish","type":"page","link":"https:\/\/msfinance.rs\/en\/usluge\/tim-erp-softver\/","title":{"rendered":"TiM ERP software"},"content":{"rendered":"<p><img decoding=\"async\" src=\"\/wp-content\/uploads\/2022\/08\/login_kutija.png\" alt=\"\"><\/p>\n<div>\n<h3 class=\"sppb-addon-title\">TiM ERP accounting software<\/h3>\n<div class=\"sppb-addon-content\">\n<p><strong>The TiM ERP<\/strong><span>\u00a0<\/span>je savremeni knjigovodstveni softver koji Vam omogu\u0107ava efikasno upravljanje firmom. Program radi online, sve \u0161to vam je potrebno je internet browser.<\/p>\n<p>-Izdavanje predra\u010duna, otpremnica, ra\u010duna<br \/>-Pregled stanja potra\u017eivanja kupaca i dugivanja dobavlja\u010dima<br \/>-Izvoz virmana iz programa za e-banking, \u0161tampanje virmana za banku<br \/>-Izve\u0161taji o pregledu prodaje, pregledu nabavke, pregledu poslovanja<br \/>-Uvid u kalkulacije, KEP-u knjiga ili DPU lista za ugostitelje i \u0161tampa po potrebi<br \/>-Uvoz izvoda i izvoz virmana iz programa za e-banking<br \/>-Izvoz plata i PDV prijave za poresku upravu<br \/>-Uvoz komitenta iz NBS preko PIB-a<\/p>\n<p><strong>The TiM ERP<\/strong><span>\u00a0<\/span>softver omugu\u0107ava program za fiskalne kase. Kasa radi na principu on-line sinhronizacije \u0161to zna\u010di da mo\u017eete pratiti u realnom vremenu sa bilo kog mesta kako vam rade maloprodaje. Tako\u0111e postoji podr\u0161ka za ugostiteljske objekte i touchscreen ekrane.<\/p>\n<\/div>\n<\/div>\n<div>\n<p>TiM Code Poslovni Softver d.o.o.<br \/>Mokrolu\u0161ka 24\/2<br \/>Beograd<\/p>\n<p>Tel:\u00a0 +381 64 1650 700<br \/>\u00a0\u00a0\u00a0\u00a0\u00a0\u00a0\u00a0 +381 66 315 147<br \/>email:<span>\u00a0<\/span><a href=\"mailto:office@tim-code.com\">office@tim-code.com<\/a><\/p>\n<\/div>\n<div>\n<p><span>TiM ERP softver podr\u017eava novi model fiskalizacije i menja dosada\u0161nji na\u010din rada tako \u0161to s\u0435 umesto fiskalnih kasa i \u0161tampa\u010da sada koristi direktn\u0430 komunikacij\u0430 sa poreskom upravom. Svaki ra\u010dun se evidentira i mo\u017ee se proveriti skeniranjem QR koda koji se nalazi na ra\u010dunu.<\/span><\/p>\n<\/div>\n<hr>\n<div>\n<div id=\"sppb-addon-wrapper-1633934321607\" class=\"sppb-addon-wrapper\">\n<div id=\"sppb-addon-1633934321607\" class=\"clearfix\">\n<div class=\"sppb-addon sppb-addon-text-block\">\n<div class=\"sppb-addon-content\">\n<p>Cena od 19 EUR mese\u010dno + PDV po korisniku uklju\u010duje kori\u0161\u0107enje kompletnog programa sa svim opcijama bez ograni\u010denja, sve zakonske nadogradnje, kao i podr\u0161ku za rad u programu.<\/p>\n<\/div>\n<\/div>\n<\/div>\n<\/div>\n<div id=\"sppb-addon-wrapper-1633938389506\" class=\"sppb-addon-wrapper\">\n<div id=\"sppb-addon-1633938389506\" class=\"clearfix\">\n<div class=\"sppb-addon sppb-addon-text-block sppb-text-center\">\n<div class=\"sppb-addon-content\">\n<p>Posetite na\u0161 web sajt na linku <a href=\"https:\/\/www.tim-erp.com\/ERPX_WEB\/L36\/loginPage.awp\" target=\"_blank\" rel=\"noopener\">HERE<\/a><\/p>\n<\/div>\n<\/div>\n<\/div>\n<\/div>\n<\/div>\n<p><img decoding=\"async\" src=\"\/wp-content\/uploads\/2022\/08\/snap-2021-10-08-at-11.11.36.png\" alt=\"\"><\/p>\n<p><!--more--><br \/>\n<!-- {\"type\":\"layout\",\"children\":[{\"type\":\"section\",\"props\":{\"style\":\"default\",\"width\":\"default\",\"vertical_align\":\"middle\",\"title_position\":\"top-left\",\"title_rotation\":\"left\",\"title_breakpoint\":\"xl\",\"image_position\":\"center-center\"},\"children\":[{\"type\":\"row\",\"children\":[{\"type\":\"column\",\"props\":{\"position_sticky_breakpoint\":\"m\",\"image_position\":\"center-center\",\"media_overlay_gradient\":\"\",\"width_medium\":\"1-3\",\"vertical_align\":\"middle\"},\"children\":[{\"type\":\"image\",\"props\":{\"margin\":\"default\",\"image_svg_color\":\"emphasis\",\"image\":\"wp-content\\\/uploads\\\/2022\\\/08\\\/login_kutija.png\"}}]},{\"type\":\"column\",\"props\":{\"position_sticky_breakpoint\":\"m\",\"image_position\":\"center-center\",\"media_overlay_gradient\":\"\",\"width_medium\":\"2-3\",\"vertical_align\":\"middle\"},\"children\":[{\"type\":\"text\",\"props\":{\"margin\":\"default\",\"column_breakpoint\":\"m\",\"content\":\"\n\n<h3 class=\\\"sppb-addon-title\\\">TiM ERP knjigovodstveni softver<\\\/h3>\\n\n\n<div class=\\\"sppb-addon-content\\\">\\n\n\n<p><strong>TiM ERP<\\\/strong><span>\\u00a0<\\\/span>je savremeni knjigovodstveni softver koji Vam omogu\\u0107ava efikasno upravljanje firmom. Program radi online, sve \\u0161to vam je potrebno je internet browser.<\\\/p>\\n\n\n<p>-Izdavanje predra\\u010duna, otpremnica, ra\\u010duna<br \\\/>-Pregled stanja potra\\u017eivanja kupaca i dugivanja dobavlja\\u010dima<br \\\/>-Izvoz virmana iz programa za e-banking, \\u0161tampanje virmana za banku<br \\\/>-Izve\\u0161taji o pregledu prodaje, pregledu nabavke, pregledu poslovanja<br \\\/>-Uvid u kalkulacije, KEP-u knjiga ili DPU lista za ugostitelje i \\u0161tampa po potrebi<br \\\/>-Uvoz izvoda i izvoz virmana iz programa za e-banking<br \\\/>-Izvoz plata i PDV prijave za poresku upravu<br \\\/>-Uvoz komitenta iz NBS preko PIB-a<\\\/p>\\n\n\n<p><strong>TiM ERP<\\\/strong><span>\\u00a0<\\\/span>softver omugu\\u0107ava program za fiskalne kase. Kasa radi na principu on-line sinhronizacije \\u0161to zna\\u010di da mo\\u017eete pratiti u realnom vremenu sa bilo kog mesta kako vam rade maloprodaje. Tako\\u0111e postoji podr\\u0161ka za ugostiteljske objekte i touchscreen ekrane.<\\\/p>\\n<\\\/div>\"}}]}],\"props\":{\"layout\":\"1-3,2-3\"}},{\"type\":\"row\",\"children\":[{\"type\":\"column\",\"props\":{\"position_sticky_breakpoint\":\"m\",\"image_position\":\"center-center\",\"media_overlay_gradient\":\"\",\"width_medium\":\"1-3\",\"vertical_align\":\"middle\",\"style\":\"primary\"},\"children\":[{\"type\":\"text\",\"props\":{\"margin\":\"default\",\"column_breakpoint\":\"m\",\"content\":\"\n\n<p>TiM Code Poslovni Softver d.o.o.<br \\\/>Mokrolu\\u0161ka 24\\\/2<br \\\/>Beograd<\\\/p>\\n\n\n<p>Tel:\\u00a0 +381 64 1650 700<br \\\/>\\u00a0\\u00a0\\u00a0\\u00a0\\u00a0\\u00a0\\u00a0 +381 66 315 147<br \\\/>email:<span>\\u00a0<\\\/span><a href=\\\"mailto:office@tim-code.com\\\">office@tim-code.com<\\\/a><\\\/p>\"}}]},{\"type\":\"column\",\"props\":{\"position_sticky_breakpoint\":\"m\",\"image_position\":\"center-center\",\"media_overlay_gradient\":\"\",\"width_medium\":\"2-3\",\"vertical_align\":\"middle\",\"style\":\"primary\"},\"children\":[{\"type\":\"text\",\"props\":{\"margin\":\"default\",\"column_breakpoint\":\"m\",\"content\":\"\n\n<p><span>TiM ERP softver podr\\u017eava novi model fiskalizacije i menja dosada\\u0161nji na\\u010din rada tako \\u0161to s\\u0435 umesto fiskalnih kasa i \\u0161tampa\\u010da sada koristi direktn\\u0430 komunikacij\\u0430 sa poreskom upravom. Svaki ra\\u010dun se evidentira i mo\\u017ee se proveriti skeniranjem QR koda koji se nalazi na ra\\u010dunu.<\\\/span><\\\/p>\"}}]}],\"props\":{\"layout\":\"1-3,2-3\"}},{\"type\":\"row\",\"children\":[{\"type\":\"column\",\"props\":{\"position_sticky_breakpoint\":\"m\",\"image_position\":\"center-center\",\"media_overlay_gradient\":\"\"},\"children\":[{\"type\":\"divider\",\"props\":{\"divider_element\":\"hr\"}}]}]},{\"type\":\"row\",\"props\":{\"layout\":\"1-2,1-2\"},\"children\":[{\"type\":\"column\",\"props\":{\"position_sticky_breakpoint\":\"m\",\"image_position\":\"center-center\",\"media_overlay_gradient\":\"\",\"width_medium\":\"1-2\",\"vertical_align\":\"middle\",\"style\":\"primary\"},\"children\":[{\"type\":\"text\",\"props\":{\"margin\":\"default\",\"column_breakpoint\":\"m\",\"content\":\"\n\n<div id=\\\"sppb-addon-wrapper-1633934321607\\\" class=\\\"sppb-addon-wrapper\\\">\\n\n\n<div id=\\\"sppb-addon-1633934321607\\\" class=\\\"clearfix \\\">\\n\n\n<div class=\\\"sppb-addon sppb-addon-text-block  \\\">\\n\n\n<div class=\\\"sppb-addon-content\\\">\\n\n\n<p>Cena od 19 EUR mese\\u010dno + PDV po korisniku uklju\\u010duje kori\\u0161\\u0107enje kompletnog programa sa svim opcijama bez ograni\\u010denja, sve zakonske nadogradnje, kao i podr\\u0161ku za rad u programu.<\\\/p>\\n<\\\/div>\\n<\\\/div>\\n<\\\/div>\\n<\\\/div>\\n\n\n<div id=\\\"sppb-addon-wrapper-1633938389506\\\" class=\\\"sppb-addon-wrapper\\\">\\n\n\n<div id=\\\"sppb-addon-1633938389506\\\" class=\\\"clearfix \\\">\\n\n\n<div class=\\\"sppb-addon sppb-addon-text-block sppb-text-center \\\">\\n\n\n<div class=\\\"sppb-addon-content\\\">\\n\n\n<p>Posetite na\\u0161 web sajt na linku <a href=\\\"https:\\\/\\\/www.tim-erp.com\\\/ERPX_WEB\\\/L36\\\/loginPage.awp\\\" target=\\\"_blank\\\" rel=\\\"noopener\\\">OVDE<\\\/a><\\\/p>\\n<\\\/div>\\n<\\\/div>\\n<\\\/div>\\n<\\\/div>\"}}]},{\"type\":\"column\",\"props\":{\"position_sticky_breakpoint\":\"m\",\"image_position\":\"center-center\",\"media_overlay_gradient\":\"\",\"width_medium\":\"1-2\"},\"children\":[{\"type\":\"image\",\"props\":{\"margin\":\"default\",\"image_svg_color\":\"emphasis\",\"image\":\"wp-content\\\/uploads\\\/2022\\\/08\\\/snap-2021-10-08-at-11.11.36.png\"}}]}]}]}],\"version\":\"2.7.23\"} --><\/p>","protected":false},"excerpt":{"rendered":"<p>TiM ERP knjigovodstveni softver TiM ERP\u00a0je savremeni knjigovodstveni softver koji Vam omogu\u0107ava efikasno upravljanje firmom. Program radi online, sve \u0161to vam je potrebno je internet browser. -Izdavanje predra\u010duna, otpremnica, ra\u010duna-Pregled stanja potra\u017eivanja kupaca i dugivanja dobavlja\u010dima-Izvoz virmana iz programa za e-banking, \u0161tampanje virmana za banku-Izve\u0161taji o pregledu prodaje, pregledu nabavke, pregledu poslovanja-Uvid u kalkulacije, KEP-u [&hellip;]<\/p>","protected":false},"author":1,"featured_media":0,"parent":34,"menu_order":0,"comment_status":"closed","ping_status":"closed","template":"","meta":{"footnotes":""},"class_list":["post-49","page","type-page","status-publish","hentry"],"yoast_head":"<!-- This site is optimized with the Yoast SEO Premium plugin v26.5 (Yoast SEO v26.6) - https:\/\/yoast.com\/wordpress\/plugins\/seo\/ -->\n<title>TIM ERP Softver - MS Finance<\/title>\n<meta name=\"robots\" content=\"index, follow, max-snippet:-1, max-image-preview:large, max-video-preview:-1\" \/>\n<link rel=\"canonical\" href=\"https:\/\/msfinance.rs\/en\/usluge\/tim-erp-softver\/\" \/>\n<meta property=\"og:locale\" content=\"en_US\" \/>\n<meta property=\"og:type\" content=\"article\" \/>\n<meta property=\"og:title\" content=\"TIM ERP Softver\" \/>\n<meta property=\"og:description\" content=\"TiM ERP knjigovodstveni softver TiM ERP\u00a0je savremeni knjigovodstveni softver koji Vam omogu\u0107ava efikasno upravljanje firmom. Program radi online, sve \u0161to vam je potrebno je internet browser. -Izdavanje predra\u010duna, otpremnica, ra\u010duna-Pregled stanja potra\u017eivanja kupaca i dugivanja dobavlja\u010dima-Izvoz virmana iz programa za e-banking, \u0161tampanje virmana za banku-Izve\u0161taji o pregledu prodaje, pregledu nabavke, pregledu poslovanja-Uvid u kalkulacije, KEP-u [&hellip;]\" \/>\n<meta property=\"og:url\" content=\"https:\/\/msfinance.rs\/en\/usluge\/tim-erp-softver\/\" \/>\n<meta property=\"og:site_name\" content=\"MS Finance\" \/>\n<meta property=\"article:modified_time\" content=\"2022-09-05T08:18:40+00:00\" \/>\n<meta name=\"twitter:card\" content=\"summary_large_image\" \/>\n<meta name=\"twitter:label1\" content=\"Est. reading time\" \/>\n\t<meta name=\"twitter:data1\" content=\"1 minute\" \/>\n<script type=\"application\/ld+json\" class=\"yoast-schema-graph\">{\"@context\":\"https:\/\/schema.org\",\"@graph\":[{\"@type\":\"WebPage\",\"@id\":\"https:\/\/msfinance.rs\/usluge\/tim-erp-softver\/\",\"url\":\"https:\/\/msfinance.rs\/usluge\/tim-erp-softver\/\",\"name\":\"TIM ERP Softver - MS Finance\",\"isPartOf\":{\"@id\":\"https:\/\/msfinance.rs\/#website\"},\"datePublished\":\"2022-08-23T08:42:32+00:00\",\"dateModified\":\"2022-09-05T08:18:40+00:00\",\"breadcrumb\":{\"@id\":\"https:\/\/msfinance.rs\/usluge\/tim-erp-softver\/#breadcrumb\"},\"inLanguage\":\"en-US\",\"potentialAction\":[{\"@type\":\"ReadAction\",\"target\":[\"https:\/\/msfinance.rs\/usluge\/tim-erp-softver\/\"]}]},{\"@type\":\"BreadcrumbList\",\"@id\":\"https:\/\/msfinance.rs\/usluge\/tim-erp-softver\/#breadcrumb\",\"itemListElement\":[{\"@type\":\"ListItem\",\"position\":1,\"name\":\"Home\",\"item\":\"https:\/\/msfinance.rs\/\"},{\"@type\":\"ListItem\",\"position\":2,\"name\":\"Usluge\",\"item\":\"https:\/\/msfinance.rs\/usluge\/\"},{\"@type\":\"ListItem\",\"position\":3,\"name\":\"TIM ERP Softver\"}]},{\"@type\":\"WebSite\",\"@id\":\"https:\/\/msfinance.rs\/#website\",\"url\":\"https:\/\/msfinance.rs\/\",\"name\":\"MS Finance\",\"description\":\"MS Finance\",\"publisher\":{\"@id\":\"https:\/\/msfinance.rs\/#organization\"},\"potentialAction\":[{\"@type\":\"SearchAction\",\"target\":{\"@type\":\"EntryPoint\",\"urlTemplate\":\"https:\/\/msfinance.rs\/?s={search_term_string}\"},\"query-input\":{\"@type\":\"PropertyValueSpecification\",\"valueRequired\":true,\"valueName\":\"search_term_string\"}}],\"inLanguage\":\"en-US\"},{\"@type\":\"Organization\",\"@id\":\"https:\/\/msfinance.rs\/#organization\",\"name\":\"MS Finance\",\"url\":\"https:\/\/msfinance.rs\/\",\"logo\":{\"@type\":\"ImageObject\",\"inLanguage\":\"en-US\",\"@id\":\"https:\/\/msfinance.rs\/#\/schema\/logo\/image\/\",\"url\":\"https:\/\/msfinance.rs\/wp-content\/uploads\/2022\/08\/MS_png1.png\",\"contentUrl\":\"https:\/\/msfinance.rs\/wp-content\/uploads\/2022\/08\/MS_png1.png\",\"width\":1000,\"height\":363,\"caption\":\"MS Finance\"},\"image\":{\"@id\":\"https:\/\/msfinance.rs\/#\/schema\/logo\/image\/\"}}]}<\/script>\n<!-- \/ Yoast SEO Premium plugin. -->","yoast_head_json":{"title":"TIM ERP Softver - MS Finance","robots":{"index":"index","follow":"follow","max-snippet":"max-snippet:-1","max-image-preview":"max-image-preview:large","max-video-preview":"max-video-preview:-1"},"canonical":"https:\/\/msfinance.rs\/en\/usluge\/tim-erp-softver\/","og_locale":"en_US","og_type":"article","og_title":"TIM ERP Softver","og_description":"TiM ERP knjigovodstveni softver TiM ERP\u00a0je savremeni knjigovodstveni softver koji Vam omogu\u0107ava efikasno upravljanje firmom. Program radi online, sve \u0161to vam je potrebno je internet browser. -Izdavanje predra\u010duna, otpremnica, ra\u010duna-Pregled stanja potra\u017eivanja kupaca i dugivanja dobavlja\u010dima-Izvoz virmana iz programa za e-banking, \u0161tampanje virmana za banku-Izve\u0161taji o pregledu prodaje, pregledu nabavke, pregledu poslovanja-Uvid u kalkulacije, KEP-u [&hellip;]","og_url":"https:\/\/msfinance.rs\/en\/usluge\/tim-erp-softver\/","og_site_name":"MS Finance","article_modified_time":"2022-09-05T08:18:40+00:00","twitter_card":"summary_large_image","twitter_misc":{"Est. reading time":"1 minute"},"schema":{"@context":"https:\/\/schema.org","@graph":[{"@type":"WebPage","@id":"https:\/\/msfinance.rs\/usluge\/tim-erp-softver\/","url":"https:\/\/msfinance.rs\/usluge\/tim-erp-softver\/","name":"TIM ERP Softver - MS Finance","isPartOf":{"@id":"https:\/\/msfinance.rs\/#website"},"datePublished":"2022-08-23T08:42:32+00:00","dateModified":"2022-09-05T08:18:40+00:00","breadcrumb":{"@id":"https:\/\/msfinance.rs\/usluge\/tim-erp-softver\/#breadcrumb"},"inLanguage":"en-US","potentialAction":[{"@type":"ReadAction","target":["https:\/\/msfinance.rs\/usluge\/tim-erp-softver\/"]}]},{"@type":"BreadcrumbList","@id":"https:\/\/msfinance.rs\/usluge\/tim-erp-softver\/#breadcrumb","itemListElement":[{"@type":"ListItem","position":1,"name":"Home","item":"https:\/\/msfinance.rs\/"},{"@type":"ListItem","position":2,"name":"Usluge","item":"https:\/\/msfinance.rs\/usluge\/"},{"@type":"ListItem","position":3,"name":"TIM ERP Softver"}]},{"@type":"WebSite","@id":"https:\/\/msfinance.rs\/#website","url":"https:\/\/msfinance.rs\/","name":"MS Finance","description":"MS Finance","publisher":{"@id":"https:\/\/msfinance.rs\/#organization"},"potentialAction":[{"@type":"SearchAction","target":{"@type":"EntryPoint","urlTemplate":"https:\/\/msfinance.rs\/?s={search_term_string}"},"query-input":{"@type":"PropertyValueSpecification","valueRequired":true,"valueName":"search_term_string"}}],"inLanguage":"en-US"},{"@type":"Organization","@id":"https:\/\/msfinance.rs\/#organization","name":"MS Finance","url":"https:\/\/msfinance.rs\/","logo":{"@type":"ImageObject","inLanguage":"en-US","@id":"https:\/\/msfinance.rs\/#\/schema\/logo\/image\/","url":"https:\/\/msfinance.rs\/wp-content\/uploads\/2022\/08\/MS_png1.png","contentUrl":"https:\/\/msfinance.rs\/wp-content\/uploads\/2022\/08\/MS_png1.png","width":1000,"height":363,"caption":"MS Finance"},"image":{"@id":"https:\/\/msfinance.rs\/#\/schema\/logo\/image\/"}}]}},"_links":{"self":[{"href":"https:\/\/msfinance.rs\/en\/wp-json\/wp\/v2\/pages\/49","targetHints":{"allow":["GET"]}}],"collection":[{"href":"https:\/\/msfinance.rs\/en\/wp-json\/wp\/v2\/pages"}],"about":[{"href":"https:\/\/msfinance.rs\/en\/wp-json\/wp\/v2\/types\/page"}],"author":[{"embeddable":true,"href":"https:\/\/msfinance.rs\/en\/wp-json\/wp\/v2\/users\/1"}],"replies":[{"embeddable":true,"href":"https:\/\/msfinance.rs\/en\/wp-json\/wp\/v2\/comments?post=49"}],"version-history":[{"count":11,"href":"https:\/\/msfinance.rs\/en\/wp-json\/wp\/v2\/pages\/49\/revisions"}],"predecessor-version":[{"id":224,"href":"https:\/\/msfinance.rs\/en\/wp-json\/wp\/v2\/pages\/49\/revisions\/224"}],"up":[{"embeddable":true,"href":"https:\/\/msfinance.rs\/en\/wp-json\/wp\/v2\/pages\/34"}],"wp:attachment":[{"href":"https:\/\/msfinance.rs\/en\/wp-json\/wp\/v2\/media?parent=49"}],"curies":[{"name":"wp","href":"https:\/\/api.w.org\/{rel}","templated":true}]}}