{"id":52,"date":"2022-08-23T08:42:42","date_gmt":"2022-08-23T08:42:42","guid":{"rendered":"http:\/\/wp.msfinance.rs\/?page_id=52"},"modified":"2022-09-05T08:27:12","modified_gmt":"2022-09-05T08:27:12","slug":"nas-tim","status":"publish","type":"page","link":"https:\/\/msfinance.rs\/en\/nas-tim\/","title":{"rendered":"Our Team"},"content":{"rendered":"<h1>Our Team<\/h1>\n<p><img decoding=\"async\" src=\"\/wp-content\/uploads\/2022\/08\/dsc_9866-600.jpg\" alt=\"\"><\/p>\n<div>\n<h3 class=\"sppb-addon-title\">Short Biography<\/h3>\n<div class=\"sppb-addon-content\">\n<p><b>Marija Slavkovi\u0107<\/b><span>\u00a0<\/span>je strukovni ekonomista za finansije, ra\u010dunovodstvo i bankarstvo. Diplomirala je 2009.godine na Beogradskoj poslovnoj \u0161koli \u2013 smer za finansije, ra\u010dunovodstvo i bankarstvo, odbraniv\u0161i temu liberalizacije trgovine republike Srbije. Nakon volonterskog anga\u017emana pri Privrednoj komori u Kraljevu, obavila jednogodi\u0161nju praksu u Ministarstvu trgovine i usluga Republike Srbije, nakon \u010dega zapo\u010dinje profesionalni anga\u017eman na poziciji ekonomiste. Nakon desetogodi\u0161njeg rada u vi\u0161e doma\u0107ih kompanija u Beogradu na poslovima poreskog savetovanja, finansijskog izve\u0161tavanja, evidentiranja i knji\u017eenja ra\u010dunovodstvenih isprava, osniva agenciju<span>\u00a0<\/span><b>MS FINANCE&amp;ACCOUNTING.<\/b><\/p>\n<\/div>\n<\/div>\n<p><!--more--><br \/>\n<!-- {\"type\":\"layout\",\"children\":[{\"type\":\"section\",\"props\":{\"style\":\"primary\",\"width\":\"default\",\"vertical_align\":\"middle\",\"title_position\":\"top-left\",\"title_rotation\":\"left\",\"title_breakpoint\":\"xl\",\"image_position\":\"center-center\",\"image\":\"wp-content\\\/uploads\\\/2022\\\/08\\\/office1-800.jpg\",\"image_size\":\"cover\",\"media_overlay\":\"rgba(0, 0, 0, 0.25)\"},\"children\":[{\"type\":\"row\",\"children\":[{\"type\":\"column\",\"props\":{\"position_sticky_breakpoint\":\"m\",\"image_position\":\"center-center\",\"media_overlay_gradient\":\"\"},\"children\":[{\"type\":\"headline\",\"props\":{\"title_element\":\"h1\",\"content\":\"Na\\u0161 tim\",\"title_style\":\"heading-large\",\"text_align\":\"center\"}}]}]}]},{\"type\":\"section\",\"props\":{\"style\":\"default\",\"width\":\"default\",\"vertical_align\":\"middle\",\"title_position\":\"top-left\",\"title_rotation\":\"left\",\"title_breakpoint\":\"xl\",\"image_position\":\"center-center\"},\"children\":[{\"type\":\"row\",\"props\":{\"layout\":\"2-5,3-5\"},\"children\":[{\"type\":\"column\",\"props\":{\"position_sticky_breakpoint\":\"m\",\"image_position\":\"center-center\",\"media_overlay_gradient\":\"\",\"width_medium\":\"2-5\",\"vertical_align\":\"middle\"},\"children\":[{\"type\":\"image\",\"props\":{\"margin\":\"default\",\"image_svg_color\":\"emphasis\",\"image\":\"wp-content\\\/uploads\\\/2022\\\/08\\\/dsc_9866-600.jpg\"}}]},{\"type\":\"column\",\"props\":{\"position_sticky_breakpoint\":\"m\",\"image_position\":\"center-center\",\"media_overlay_gradient\":\"\",\"width_medium\":\"3-5\",\"vertical_align\":\"middle\"},\"children\":[{\"type\":\"text\",\"props\":{\"margin\":\"default\",\"column_breakpoint\":\"m\",\"content\":\"\n\n<h3 class=\\\"sppb-addon-title\\\">Kratka biografija<\\\/h3>\\n\n\n<div class=\\\"sppb-addon-content\\\">\\n\n\n<p><b>Marija Slavkovi\\u0107<\\\/b><span>\\u00a0<\\\/span>je strukovni ekonomista za finansije, ra\\u010dunovodstvo i bankarstvo. Diplomirala je 2009.godine na Beogradskoj poslovnoj \\u0161koli \\u2013 smer za finansije, ra\\u010dunovodstvo i bankarstvo, odbraniv\\u0161i temu liberalizacije trgovine republike Srbije. Nakon volonterskog anga\\u017emana pri Privrednoj komori u Kraljevu, obavila jednogodi\\u0161nju praksu u Ministarstvu trgovine i usluga Republike Srbije, nakon \\u010dega zapo\\u010dinje profesionalni anga\\u017eman na poziciji ekonomiste. Nakon desetogodi\\u0161njeg rada u vi\\u0161e doma\\u0107ih kompanija u Beogradu na poslovima poreskog savetovanja, finansijskog izve\\u0161tavanja, evidentiranja i knji\\u017eenja ra\\u010dunovodstvenih isprava, osniva agenciju<span>\\u00a0<\\\/span><b>MS FINANCE&amp;ACCOUNTING.<\\\/b><\\\/p>\\n<\\\/div>\"}}]}]}]}],\"version\":\"2.7.23\"} --><\/p>","protected":false},"excerpt":{"rendered":"<p>Na\u0161 tim Kratka biografija Marija Slavkovi\u0107\u00a0je strukovni ekonomista za finansije, ra\u010dunovodstvo i bankarstvo. Diplomirala je 2009.godine na Beogradskoj poslovnoj \u0161koli \u2013 smer za finansije, ra\u010dunovodstvo i bankarstvo, odbraniv\u0161i temu liberalizacije trgovine republike Srbije. Nakon volonterskog anga\u017emana pri Privrednoj komori u Kraljevu, obavila jednogodi\u0161nju praksu u Ministarstvu trgovine i usluga Republike Srbije, nakon \u010dega zapo\u010dinje profesionalni [&hellip;]<\/p>","protected":false},"author":1,"featured_media":0,"parent":0,"menu_order":0,"comment_status":"closed","ping_status":"closed","template":"","meta":{"footnotes":""},"class_list":["post-52","page","type-page","status-publish","hentry"],"yoast_head":"<!-- This site is optimized with the Yoast SEO Premium plugin v26.5 (Yoast SEO v26.6) - https:\/\/yoast.com\/wordpress\/plugins\/seo\/ -->\n<title>Na\u0161 tim - MS Finance<\/title>\n<meta name=\"robots\" content=\"index, follow, max-snippet:-1, max-image-preview:large, max-video-preview:-1\" \/>\n<link rel=\"canonical\" href=\"https:\/\/msfinance.rs\/en\/nas-tim\/\" \/>\n<meta property=\"og:locale\" content=\"en_US\" \/>\n<meta property=\"og:type\" content=\"article\" \/>\n<meta property=\"og:title\" content=\"Na\u0161 tim\" \/>\n<meta property=\"og:description\" content=\"Na\u0161 tim Kratka biografija Marija Slavkovi\u0107\u00a0je strukovni ekonomista za finansije, ra\u010dunovodstvo i bankarstvo. Diplomirala je 2009.godine na Beogradskoj poslovnoj \u0161koli \u2013 smer za finansije, ra\u010dunovodstvo i bankarstvo, odbraniv\u0161i temu liberalizacije trgovine republike Srbije. Nakon volonterskog anga\u017emana pri Privrednoj komori u Kraljevu, obavila jednogodi\u0161nju praksu u Ministarstvu trgovine i usluga Republike Srbije, nakon \u010dega zapo\u010dinje profesionalni [&hellip;]\" \/>\n<meta property=\"og:url\" content=\"https:\/\/msfinance.rs\/en\/nas-tim\/\" \/>\n<meta property=\"og:site_name\" content=\"MS Finance\" \/>\n<meta property=\"article:modified_time\" content=\"2022-09-05T08:27:12+00:00\" \/>\n<meta name=\"twitter:card\" content=\"summary_large_image\" \/>\n<script type=\"application\/ld+json\" class=\"yoast-schema-graph\">{\"@context\":\"https:\/\/schema.org\",\"@graph\":[{\"@type\":\"WebPage\",\"@id\":\"https:\/\/msfinance.rs\/nas-tim\/\",\"url\":\"https:\/\/msfinance.rs\/nas-tim\/\",\"name\":\"Na\u0161 tim - MS Finance\",\"isPartOf\":{\"@id\":\"https:\/\/msfinance.rs\/#website\"},\"datePublished\":\"2022-08-23T08:42:42+00:00\",\"dateModified\":\"2022-09-05T08:27:12+00:00\",\"breadcrumb\":{\"@id\":\"https:\/\/msfinance.rs\/nas-tim\/#breadcrumb\"},\"inLanguage\":\"en-US\",\"potentialAction\":[{\"@type\":\"ReadAction\",\"target\":[\"https:\/\/msfinance.rs\/nas-tim\/\"]}]},{\"@type\":\"BreadcrumbList\",\"@id\":\"https:\/\/msfinance.rs\/nas-tim\/#breadcrumb\",\"itemListElement\":[{\"@type\":\"ListItem\",\"position\":1,\"name\":\"Home\",\"item\":\"https:\/\/msfinance.rs\/\"},{\"@type\":\"ListItem\",\"position\":2,\"name\":\"Na\u0161 tim\"}]},{\"@type\":\"WebSite\",\"@id\":\"https:\/\/msfinance.rs\/#website\",\"url\":\"https:\/\/msfinance.rs\/\",\"name\":\"MS Finance\",\"description\":\"MS Finance\",\"publisher\":{\"@id\":\"https:\/\/msfinance.rs\/#organization\"},\"potentialAction\":[{\"@type\":\"SearchAction\",\"target\":{\"@type\":\"EntryPoint\",\"urlTemplate\":\"https:\/\/msfinance.rs\/?s={search_term_string}\"},\"query-input\":{\"@type\":\"PropertyValueSpecification\",\"valueRequired\":true,\"valueName\":\"search_term_string\"}}],\"inLanguage\":\"en-US\"},{\"@type\":\"Organization\",\"@id\":\"https:\/\/msfinance.rs\/#organization\",\"name\":\"MS Finance\",\"url\":\"https:\/\/msfinance.rs\/\",\"logo\":{\"@type\":\"ImageObject\",\"inLanguage\":\"en-US\",\"@id\":\"https:\/\/msfinance.rs\/#\/schema\/logo\/image\/\",\"url\":\"https:\/\/msfinance.rs\/wp-content\/uploads\/2022\/08\/MS_png1.png\",\"contentUrl\":\"https:\/\/msfinance.rs\/wp-content\/uploads\/2022\/08\/MS_png1.png\",\"width\":1000,\"height\":363,\"caption\":\"MS Finance\"},\"image\":{\"@id\":\"https:\/\/msfinance.rs\/#\/schema\/logo\/image\/\"}}]}<\/script>\n<!-- \/ Yoast SEO Premium plugin. -->","yoast_head_json":{"title":"Na\u0161 tim - MS Finance","robots":{"index":"index","follow":"follow","max-snippet":"max-snippet:-1","max-image-preview":"max-image-preview:large","max-video-preview":"max-video-preview:-1"},"canonical":"https:\/\/msfinance.rs\/en\/nas-tim\/","og_locale":"en_US","og_type":"article","og_title":"Na\u0161 tim","og_description":"Na\u0161 tim Kratka biografija Marija Slavkovi\u0107\u00a0je strukovni ekonomista za finansije, ra\u010dunovodstvo i bankarstvo. Diplomirala je 2009.godine na Beogradskoj poslovnoj \u0161koli \u2013 smer za finansije, ra\u010dunovodstvo i bankarstvo, odbraniv\u0161i temu liberalizacije trgovine republike Srbije. Nakon volonterskog anga\u017emana pri Privrednoj komori u Kraljevu, obavila jednogodi\u0161nju praksu u Ministarstvu trgovine i usluga Republike Srbije, nakon \u010dega zapo\u010dinje profesionalni [&hellip;]","og_url":"https:\/\/msfinance.rs\/en\/nas-tim\/","og_site_name":"MS Finance","article_modified_time":"2022-09-05T08:27:12+00:00","twitter_card":"summary_large_image","schema":{"@context":"https:\/\/schema.org","@graph":[{"@type":"WebPage","@id":"https:\/\/msfinance.rs\/nas-tim\/","url":"https:\/\/msfinance.rs\/nas-tim\/","name":"Na\u0161 tim - MS Finance","isPartOf":{"@id":"https:\/\/msfinance.rs\/#website"},"datePublished":"2022-08-23T08:42:42+00:00","dateModified":"2022-09-05T08:27:12+00:00","breadcrumb":{"@id":"https:\/\/msfinance.rs\/nas-tim\/#breadcrumb"},"inLanguage":"en-US","potentialAction":[{"@type":"ReadAction","target":["https:\/\/msfinance.rs\/nas-tim\/"]}]},{"@type":"BreadcrumbList","@id":"https:\/\/msfinance.rs\/nas-tim\/#breadcrumb","itemListElement":[{"@type":"ListItem","position":1,"name":"Home","item":"https:\/\/msfinance.rs\/"},{"@type":"ListItem","position":2,"name":"Na\u0161 tim"}]},{"@type":"WebSite","@id":"https:\/\/msfinance.rs\/#website","url":"https:\/\/msfinance.rs\/","name":"MS Finance","description":"MS Finance","publisher":{"@id":"https:\/\/msfinance.rs\/#organization"},"potentialAction":[{"@type":"SearchAction","target":{"@type":"EntryPoint","urlTemplate":"https:\/\/msfinance.rs\/?s={search_term_string}"},"query-input":{"@type":"PropertyValueSpecification","valueRequired":true,"valueName":"search_term_string"}}],"inLanguage":"en-US"},{"@type":"Organization","@id":"https:\/\/msfinance.rs\/#organization","name":"MS Finance","url":"https:\/\/msfinance.rs\/","logo":{"@type":"ImageObject","inLanguage":"en-US","@id":"https:\/\/msfinance.rs\/#\/schema\/logo\/image\/","url":"https:\/\/msfinance.rs\/wp-content\/uploads\/2022\/08\/MS_png1.png","contentUrl":"https:\/\/msfinance.rs\/wp-content\/uploads\/2022\/08\/MS_png1.png","width":1000,"height":363,"caption":"MS Finance"},"image":{"@id":"https:\/\/msfinance.rs\/#\/schema\/logo\/image\/"}}]}},"_links":{"self":[{"href":"https:\/\/msfinance.rs\/en\/wp-json\/wp\/v2\/pages\/52","targetHints":{"allow":["GET"]}}],"collection":[{"href":"https:\/\/msfinance.rs\/en\/wp-json\/wp\/v2\/pages"}],"about":[{"href":"https:\/\/msfinance.rs\/en\/wp-json\/wp\/v2\/types\/page"}],"author":[{"embeddable":true,"href":"https:\/\/msfinance.rs\/en\/wp-json\/wp\/v2\/users\/1"}],"replies":[{"embeddable":true,"href":"https:\/\/msfinance.rs\/en\/wp-json\/wp\/v2\/comments?post=52"}],"version-history":[{"count":5,"href":"https:\/\/msfinance.rs\/en\/wp-json\/wp\/v2\/pages\/52\/revisions"}],"predecessor-version":[{"id":233,"href":"https:\/\/msfinance.rs\/en\/wp-json\/wp\/v2\/pages\/52\/revisions\/233"}],"wp:attachment":[{"href":"https:\/\/msfinance.rs\/en\/wp-json\/wp\/v2\/media?parent=52"}],"curies":[{"name":"wp","href":"https:\/\/api.w.org\/{rel}","templated":true}]}}