{"id":54,"date":"2022-08-23T08:42:51","date_gmt":"2022-08-23T08:42:51","guid":{"rendered":"http:\/\/wp.msfinance.rs\/?page_id=54"},"modified":"2024-04-26T08:43:13","modified_gmt":"2024-04-26T08:43:13","slug":"kontakt","status":"publish","type":"page","link":"https:\/\/msfinance.rs\/en\/kontakt\/","title":{"rendered":"Contact US"},"content":{"rendered":"<h3>Contact Information<\/h3>\n<h1>MS Finance &amp; Accounting<\/h1>\n<div>\n<p>Uro\u0161a Martinovi\u0107a 21<\/p>\n<p>A blok, Novi Beograd<\/p>\n<p>Tel: +381 64 145 11 18<\/p>\n<p>E-mail: office@msfinance.rs<\/p>\n<div id=\"gtx-trans\" style=\"position: absolute; left: 96px; top: 78px;\">\n<div class=\"gtx-trans-icon\"><\/div>\n<\/div>\n<\/div>\n<div>\n<p>44.8062,20.4006<\/p>\n<h3>MS Finance<\/h3>\n<div>\n<p>Uro\u0161a Martinovi\u0107a 21<\/p>\n<div id=\"gtx-trans\" style=\"position: absolute; left: -4px; top: -10px;\">\n<div class=\"gtx-trans-icon\"><\/div>\n<\/div>\n<\/div>\n<\/div>\n<p><!--more--><br \/>\n<!-- {\"type\":\"layout\",\"children\":[{\"type\":\"section\",\"props\":{\"image_position\":\"center-center\",\"style\":\"default\",\"title_breakpoint\":\"xl\",\"title_position\":\"top-left\",\"title_rotation\":\"left\",\"vertical_align\":\"middle\",\"width\":\"default\"},\"children\":[{\"type\":\"row\",\"children\":[{\"type\":\"column\",\"props\":{\"image_position\":\"center-center\",\"media_overlay_gradient\":\"\",\"position_sticky_breakpoint\":\"m\",\"style\":\"primary\",\"width_medium\":\"1-2\"},\"children\":[{\"type\":\"headline\",\"props\":{\"content\":\"Kontakt podaci\",\"text_align\":\"center\",\"title_element\":\"h3\"}},{\"type\":\"headline\",\"props\":{\"content\":\"MS Finance &amp; Accounting\",\"text_align\":\"center\",\"title_element\":\"h1\",\"title_style\":\"h2\"}},{\"type\":\"text\",\"props\":{\"column_breakpoint\":\"m\",\"content\":\"\n\n<p>Uro\\u0161a Martinovi\\u0107a 21<\\\/p>\\n\n\n<p>A blok, Novi Beograd<\\\/p>\\n\n\n<p>Tel: +381 64 145 11 18<\\\/p>\\n\n\n<p>E-mail: office@msfinance.rs<\\\/p>\\n\n\n<div id=\\\"gtx-trans\\\" style=\\\"position: absolute; left: 96px; top: 78px;\\\">\\n\n\n<div class=\\\"gtx-trans-icon\\\"><\\\/div>\\n<\\\/div>\",\"margin\":\"default\",\"text_align\":\"center\"}}]},{\"type\":\"column\",\"props\":{\"image_position\":\"center-center\",\"media_overlay_gradient\":\"\",\"position_sticky_breakpoint\":\"m\",\"width_medium\":\"1-2\"},\"children\":[]}],\"props\":{\"layout\":\"1-2,1-2\"}}]},{\"type\":\"section\",\"props\":{\"image_position\":\"center-center\",\"padding\":\"none\",\"style\":\"default\",\"title_breakpoint\":\"xl\",\"title_position\":\"top-left\",\"title_rotation\":\"left\",\"vertical_align\":\"middle\",\"width\":\"\"},\"children\":[{\"type\":\"row\",\"children\":[{\"type\":\"column\",\"props\":{\"image_position\":\"center-center\",\"media_overlay_gradient\":\"\",\"position_sticky_breakpoint\":\"m\"},\"children\":[{\"type\":\"map\",\"props\":{\"content_margin\":\"small\",\"controls\":true,\"dragging\":false,\"image_svg_color\":\"emphasis\",\"link_style\":\"default\",\"link_text\":\"Read more\",\"margin\":\"default\",\"max_zoom\":18,\"meta_align\":\"below-title\",\"meta_element\":\"div\",\"meta_margin\":\"small\",\"meta_style\":\"text-meta\",\"min_zoom\":0,\"poi\":false,\"show_content\":true,\"show_image\":true,\"show_link\":true,\"show_meta\":true,\"show_title\":true,\"title_element\":\"h3\",\"title_hover_style\":\"reset\",\"type\":\"roadmap\",\"viewport_height\":\"percent\",\"zoom\":\"17\",\"zooming\":false},\"children\":[{\"type\":\"map_item\",\"props\":{\"content\":\"\n\n<p>Uro\\u0161a Martinovi\\u0107a 21<\\\/p>\\n\n\n<div id=\\\"gtx-trans\\\" style=\\\"position: absolute; left: -4px; top: -10px;\\\">\\n\n\n<div class=\\\"gtx-trans-icon\\\"><\\\/div>\\n<\\\/div>\",\"location\":\"44.8062,20.4006\",\"title\":\"MS Finance\"}}]}]}]}]}],\"version\":\"3.0.20\"} --><\/p>","protected":false},"excerpt":{"rendered":"<p>Kontakt podaci MS Finance &amp; Accounting Uro\u0161a Martinovi\u0107a 21 A blok, Novi Beograd Tel: +381 64 145 11 18 E-mail: office@msfinance.rs 44.8062,20.4006 MS Finance Uro\u0161a Martinovi\u0107a 21<\/p>","protected":false},"author":1,"featured_media":0,"parent":0,"menu_order":0,"comment_status":"closed","ping_status":"closed","template":"","meta":{"footnotes":""},"class_list":["post-54","page","type-page","status-publish","hentry"],"yoast_head":"<!-- This site is optimized with the Yoast SEO Premium plugin v26.5 (Yoast SEO v26.6) - https:\/\/yoast.com\/wordpress\/plugins\/seo\/ -->\n<title>Kontakt - MS Finance<\/title>\n<meta name=\"robots\" content=\"index, follow, max-snippet:-1, max-image-preview:large, max-video-preview:-1\" \/>\n<link rel=\"canonical\" href=\"https:\/\/msfinance.rs\/en\/kontakt\/\" \/>\n<meta property=\"og:locale\" content=\"en_US\" \/>\n<meta property=\"og:type\" content=\"article\" \/>\n<meta property=\"og:title\" content=\"Kontakt\" \/>\n<meta property=\"og:description\" content=\"Kontakt podaci MS Finance &amp; Accounting Uro\u0161a Martinovi\u0107a 21 A blok, Novi Beograd Tel: +381 64 145 11 18 E-mail: office@msfinance.rs 44.8062,20.4006 MS Finance Uro\u0161a Martinovi\u0107a 21\" \/>\n<meta property=\"og:url\" content=\"https:\/\/msfinance.rs\/en\/kontakt\/\" \/>\n<meta property=\"og:site_name\" content=\"MS Finance\" \/>\n<meta property=\"article:modified_time\" content=\"2024-04-26T08:43:13+00:00\" \/>\n<meta name=\"twitter:card\" content=\"summary_large_image\" \/>\n<script type=\"application\/ld+json\" class=\"yoast-schema-graph\">{\"@context\":\"https:\/\/schema.org\",\"@graph\":[{\"@type\":\"WebPage\",\"@id\":\"https:\/\/msfinance.rs\/kontakt\/\",\"url\":\"https:\/\/msfinance.rs\/kontakt\/\",\"name\":\"Kontakt - MS Finance\",\"isPartOf\":{\"@id\":\"https:\/\/msfinance.rs\/#website\"},\"datePublished\":\"2022-08-23T08:42:51+00:00\",\"dateModified\":\"2024-04-26T08:43:13+00:00\",\"breadcrumb\":{\"@id\":\"https:\/\/msfinance.rs\/kontakt\/#breadcrumb\"},\"inLanguage\":\"en-US\",\"potentialAction\":[{\"@type\":\"ReadAction\",\"target\":[\"https:\/\/msfinance.rs\/kontakt\/\"]}]},{\"@type\":\"BreadcrumbList\",\"@id\":\"https:\/\/msfinance.rs\/kontakt\/#breadcrumb\",\"itemListElement\":[{\"@type\":\"ListItem\",\"position\":1,\"name\":\"Home\",\"item\":\"https:\/\/msfinance.rs\/\"},{\"@type\":\"ListItem\",\"position\":2,\"name\":\"Kontakt\"}]},{\"@type\":\"WebSite\",\"@id\":\"https:\/\/msfinance.rs\/#website\",\"url\":\"https:\/\/msfinance.rs\/\",\"name\":\"MS Finance\",\"description\":\"MS Finance\",\"publisher\":{\"@id\":\"https:\/\/msfinance.rs\/#organization\"},\"potentialAction\":[{\"@type\":\"SearchAction\",\"target\":{\"@type\":\"EntryPoint\",\"urlTemplate\":\"https:\/\/msfinance.rs\/?s={search_term_string}\"},\"query-input\":{\"@type\":\"PropertyValueSpecification\",\"valueRequired\":true,\"valueName\":\"search_term_string\"}}],\"inLanguage\":\"en-US\"},{\"@type\":\"Organization\",\"@id\":\"https:\/\/msfinance.rs\/#organization\",\"name\":\"MS Finance\",\"url\":\"https:\/\/msfinance.rs\/\",\"logo\":{\"@type\":\"ImageObject\",\"inLanguage\":\"en-US\",\"@id\":\"https:\/\/msfinance.rs\/#\/schema\/logo\/image\/\",\"url\":\"https:\/\/msfinance.rs\/wp-content\/uploads\/2022\/08\/MS_png1.png\",\"contentUrl\":\"https:\/\/msfinance.rs\/wp-content\/uploads\/2022\/08\/MS_png1.png\",\"width\":1000,\"height\":363,\"caption\":\"MS Finance\"},\"image\":{\"@id\":\"https:\/\/msfinance.rs\/#\/schema\/logo\/image\/\"}}]}<\/script>\n<!-- \/ Yoast SEO Premium plugin. -->","yoast_head_json":{"title":"Kontakt - MS Finance","robots":{"index":"index","follow":"follow","max-snippet":"max-snippet:-1","max-image-preview":"max-image-preview:large","max-video-preview":"max-video-preview:-1"},"canonical":"https:\/\/msfinance.rs\/en\/kontakt\/","og_locale":"en_US","og_type":"article","og_title":"Kontakt","og_description":"Kontakt podaci MS Finance &amp; Accounting Uro\u0161a Martinovi\u0107a 21 A blok, Novi Beograd Tel: +381 64 145 11 18 E-mail: office@msfinance.rs 44.8062,20.4006 MS Finance Uro\u0161a Martinovi\u0107a 21","og_url":"https:\/\/msfinance.rs\/en\/kontakt\/","og_site_name":"MS Finance","article_modified_time":"2024-04-26T08:43:13+00:00","twitter_card":"summary_large_image","schema":{"@context":"https:\/\/schema.org","@graph":[{"@type":"WebPage","@id":"https:\/\/msfinance.rs\/kontakt\/","url":"https:\/\/msfinance.rs\/kontakt\/","name":"Kontakt - MS Finance","isPartOf":{"@id":"https:\/\/msfinance.rs\/#website"},"datePublished":"2022-08-23T08:42:51+00:00","dateModified":"2024-04-26T08:43:13+00:00","breadcrumb":{"@id":"https:\/\/msfinance.rs\/kontakt\/#breadcrumb"},"inLanguage":"en-US","potentialAction":[{"@type":"ReadAction","target":["https:\/\/msfinance.rs\/kontakt\/"]}]},{"@type":"BreadcrumbList","@id":"https:\/\/msfinance.rs\/kontakt\/#breadcrumb","itemListElement":[{"@type":"ListItem","position":1,"name":"Home","item":"https:\/\/msfinance.rs\/"},{"@type":"ListItem","position":2,"name":"Kontakt"}]},{"@type":"WebSite","@id":"https:\/\/msfinance.rs\/#website","url":"https:\/\/msfinance.rs\/","name":"MS Finance","description":"MS Finance","publisher":{"@id":"https:\/\/msfinance.rs\/#organization"},"potentialAction":[{"@type":"SearchAction","target":{"@type":"EntryPoint","urlTemplate":"https:\/\/msfinance.rs\/?s={search_term_string}"},"query-input":{"@type":"PropertyValueSpecification","valueRequired":true,"valueName":"search_term_string"}}],"inLanguage":"en-US"},{"@type":"Organization","@id":"https:\/\/msfinance.rs\/#organization","name":"MS Finance","url":"https:\/\/msfinance.rs\/","logo":{"@type":"ImageObject","inLanguage":"en-US","@id":"https:\/\/msfinance.rs\/#\/schema\/logo\/image\/","url":"https:\/\/msfinance.rs\/wp-content\/uploads\/2022\/08\/MS_png1.png","contentUrl":"https:\/\/msfinance.rs\/wp-content\/uploads\/2022\/08\/MS_png1.png","width":1000,"height":363,"caption":"MS Finance"},"image":{"@id":"https:\/\/msfinance.rs\/#\/schema\/logo\/image\/"}}]}},"_links":{"self":[{"href":"https:\/\/msfinance.rs\/en\/wp-json\/wp\/v2\/pages\/54","targetHints":{"allow":["GET"]}}],"collection":[{"href":"https:\/\/msfinance.rs\/en\/wp-json\/wp\/v2\/pages"}],"about":[{"href":"https:\/\/msfinance.rs\/en\/wp-json\/wp\/v2\/types\/page"}],"author":[{"embeddable":true,"href":"https:\/\/msfinance.rs\/en\/wp-json\/wp\/v2\/users\/1"}],"replies":[{"embeddable":true,"href":"https:\/\/msfinance.rs\/en\/wp-json\/wp\/v2\/comments?post=54"}],"version-history":[{"count":10,"href":"https:\/\/msfinance.rs\/en\/wp-json\/wp\/v2\/pages\/54\/revisions"}],"predecessor-version":[{"id":2415,"href":"https:\/\/msfinance.rs\/en\/wp-json\/wp\/v2\/pages\/54\/revisions\/2415"}],"wp:attachment":[{"href":"https:\/\/msfinance.rs\/en\/wp-json\/wp\/v2\/media?parent=54"}],"curies":[{"name":"wp","href":"https:\/\/api.w.org\/{rel}","templated":true}]}}